{"id":1355,"date":"2021-08-07T20:23:01","date_gmt":"2021-08-07T20:23:01","guid":{"rendered":"https:\/\/hkopen.cz\/?page_id=1355"},"modified":"2026-03-25T00:16:59","modified_gmt":"2026-03-24T22:16:59","slug":"propozice","status":"publish","type":"page","link":"https:\/\/hkopen.cz\/index.php\/propozice\/","title":{"rendered":"Propozice"},"content":{"rendered":"\n<p><strong><em><mark style=\"background-color:rgba(0, 0, 0, 0);color:#812379\" class=\"has-inline-color\">29. &#8211; 30. srpna 2026 Kongresov\u00e9 centrum ALDIS, HRADEC KR\u00c1LOV\u00c9, \u010cESK\u00c1 REPUBLIKA<\/mark><\/em><\/strong> (<a href=\"https:\/\/hkopen.cz\/index.php\/mapa\/\">mapa<\/a>)<\/p>\n\n\n\n<h4 class=\"wp-block-heading\">Sout\u011b\u017ee v sobotu 29.8.2026<\/h4>\n\n\n\n<figure class=\"wp-block-table is-style-stripes\"><table><tbody><tr><td>Otev\u0159en\u00ed s\u00e1lu: 8:00 I Opening ceremony: 9:00<\/td><td class=\"has-text-align-center\" data-align=\"center\">Check-in<\/td><td class=\"has-text-align-center\" data-align=\"center\">Zah\u00e1jen\u00ed sout\u011b\u017e\u00ed<\/td><\/tr><tr><td>WDSF International Open Latin Adult<\/td><td class=\"has-text-align-center\" data-align=\"center\"><\/td><td class=\"has-text-align-center\" data-align=\"center\"><\/td><\/tr><tr><td>WDSF Open Standard Junior II<\/td><td class=\"has-text-align-center\" data-align=\"center\"><\/td><td class=\"has-text-align-center\" data-align=\"center\"><\/td><\/tr><tr><td>WDSF Open Standard Senior I<\/td><td class=\"has-text-align-center\" data-align=\"center\"><\/td><td class=\"has-text-align-center\" data-align=\"center\"><\/td><\/tr><tr><td>WDSF Open Standard Senior II<\/td><td class=\"has-text-align-center\" data-align=\"center\"><\/td><td class=\"has-text-align-center\" data-align=\"center\"><\/td><\/tr><tr><td>WDSF Open Standard Senior III<\/td><td class=\"has-text-align-center\" data-align=\"center\"><\/td><td class=\"has-text-align-center\" data-align=\"center\"><\/td><\/tr><tr><td>WDSF Open Standard Senior IV<\/td><td class=\"has-text-align-center\" data-align=\"center\"><\/td><td class=\"has-text-align-center\" data-align=\"center\"><\/td><\/tr><tr><td>WDSF Open Standard Senior V<\/td><td class=\"has-text-align-center\" data-align=\"center\"><\/td><td class=\"has-text-align-center\" data-align=\"center\"><\/td><\/tr><tr><td>WDSF Open Latin Youth<\/td><td class=\"has-text-align-center\" data-align=\"center\"><\/td><td class=\"has-text-align-center\" data-align=\"center\"><\/td><\/tr><tr><td>WDSF Open Latin Junior II<\/td><td class=\"has-text-align-center\" data-align=\"center\"><\/td><td class=\"has-text-align-center\" data-align=\"center\"><\/td><\/tr><tr><td>WDSF Open Latin Senior III<\/td><td class=\"has-text-align-center\" data-align=\"center\"><\/td><td class=\"has-text-align-center\" data-align=\"center\"><\/td><\/tr><tr><td>DSE GP Standard Junior I<\/td><td class=\"has-text-align-center\" data-align=\"center\"><\/td><td class=\"has-text-align-center\" data-align=\"center\"><\/td><\/tr><tr><td>DSE GP Latin Junior I<\/td><td class=\"has-text-align-center\" data-align=\"center\"><\/td><td class=\"has-text-align-center\" data-align=\"center\"><\/td><\/tr><\/tbody><\/table><\/figure>\n\n\n\n<h4 class=\"wp-block-heading\">Sout\u011b\u017ee v ned\u011bli 30.8.2026<\/h4>\n\n\n\n<figure class=\"wp-block-table is-style-stripes\"><table><tbody><tr><td>Otev\u0159en\u00ed s\u00e1lu: 8:00 I Opening ceremony: 9:00<\/td><td class=\"has-text-align-center\" data-align=\"center\">Check-in<\/td><td class=\"has-text-align-center\" data-align=\"center\">Zah\u00e1jen\u00ed sout\u011b\u017e\u00ed<\/td><\/tr><tr><td>WDSF International Open Standard Adult<\/td><td class=\"has-text-align-center\" data-align=\"center\"><\/td><td class=\"has-text-align-center\" data-align=\"center\"><\/td><\/tr><tr><td>WDSF Open Standard Youth<\/td><td class=\"has-text-align-center\" data-align=\"center\"><\/td><td class=\"has-text-align-center\" data-align=\"center\"><\/td><\/tr><tr><td>WDSF Open Standard Senior III<\/td><td class=\"has-text-align-center\" data-align=\"center\"><\/td><td class=\"has-text-align-center\" data-align=\"center\"><\/td><\/tr><tr><td>WDSF Open Standard Senior IV<\/td><td class=\"has-text-align-center\" data-align=\"center\"><\/td><td class=\"has-text-align-center\" data-align=\"center\"><\/td><\/tr><tr><td>WDSF Open Standard Rising Stars<\/td><td class=\"has-text-align-center\" data-align=\"center\"><\/td><td class=\"has-text-align-center\" data-align=\"center\"><\/td><\/tr><tr><td>WDSF Open Latin Senior I<\/td><td class=\"has-text-align-center\" data-align=\"center\"><\/td><td class=\"has-text-align-center\" data-align=\"center\"><\/td><\/tr><tr><td>WDSF Open Latin Senior II<\/td><td class=\"has-text-align-center\" data-align=\"center\"><\/td><td class=\"has-text-align-center\" data-align=\"center\"><\/td><\/tr><tr><td>WDSF Open Latin Senior III<\/td><td class=\"has-text-align-center\" data-align=\"center\"><\/td><td class=\"has-text-align-center\" data-align=\"center\"><\/td><\/tr><tr><td>WDSF Open Latin Rising Stars<\/td><td class=\"has-text-align-center\" data-align=\"center\"><\/td><td class=\"has-text-align-center\" data-align=\"center\"><\/td><\/tr><tr><td>DSE GP Standard Juveniles<\/td><td class=\"has-text-align-center\" data-align=\"center\"><\/td><td class=\"has-text-align-center\" data-align=\"center\"><\/td><\/tr><tr><td>DSE GP Latin Juveniles<\/td><td class=\"has-text-align-center\" data-align=\"center\"><\/td><td class=\"has-text-align-center\" data-align=\"center\"><\/td><\/tr><tr><td>DSE GP Standard Junior II<\/td><td class=\"has-text-align-center\" data-align=\"center\"><\/td><td class=\"has-text-align-center\" data-align=\"center\"><\/td><\/tr><tr><td>DSE GP Latin Junior II<\/td><td class=\"has-text-align-center\" data-align=\"center\"><\/td><td class=\"has-text-align-center\" data-align=\"center\"><\/td><\/tr><\/tbody><\/table><\/figure>\n\n\n\n<h4 class=\"wp-block-heading\">Organiza\u010dn\u00ed informace<\/h4>\n\n\n\n<figure class=\"wp-block-table is-style-stripes\"><table><tbody><tr><td class=\"has-text-align-left\" data-align=\"left\">Organiz\u00e1tor:<\/td><td class=\"has-text-align-left\" data-align=\"left\">Dance Sport Federation Czech Republic<br>Jaroslav a Jana Krti\u010dkovi &#8211; Dance school<br>Dance Team Hradec Kr\u00e1lov\u00e9 &#8211; Dance club<br>M\u011bsto Hradec Kr\u00e1lov\u00e9<br>Kr\u00e1lov\u00e9hradeck\u00fd kraj<\/td><\/tr><tr><td class=\"has-text-align-left\" data-align=\"left\">Pravidla sout\u011b\u017ee:<\/td><td class=\"has-text-align-left\" data-align=\"left\">WDSF (incl. Dres-Code)<\/td><\/tr><tr><td class=\"has-text-align-left\" data-align=\"left\">Chairperson:<\/td><td class=\"has-text-align-left\" data-align=\"left\">Mgr.Veronika \u0160p\u00e1nikov\u00e1 &#8211; SK<\/td><\/tr><tr><td class=\"has-text-align-left\" data-align=\"left\">Porota:<\/td><td class=\"has-text-align-left\" data-align=\"left\">9-11 porotc\u016f z 9-11 zem\u00ed<br>(Polsko, Rakousko, Litva,Ma\u010farsko,Slovensko, USA, Belgie, N\u011bmecko, Rumunsko, Portugalsko, Ukrajina, Slovinsko, It\u00e1lie, \u010cesk\u00e1 republika)<\/td><\/tr><tr><td class=\"has-text-align-left\" data-align=\"left\"> Tane\u010dn\u00ed parket: <\/td><td class=\"has-text-align-left\" data-align=\"left\"> 23 x 14 m <\/td><\/tr><tr><td class=\"has-text-align-left\" data-align=\"left\"> Startovn\u00e9: <\/td><td class=\"has-text-align-left\" data-align=\"left\">WDSF Open Junior II \u00a01000 CZK \/ 40 EUR<br>WDSF Open Youth 1250 CZK \/ 50 EUR<br>WDSF Open Senior 1600 CZK \/ 65 EUR<br>WDSF Open Rising Stars 1600 CZK \/ 65 EUR<br>WDSF International Open 1600 CZK \/ 65 EUR<br>DSE GP 1000 CZK \/ 40 EUR<br><br>V\u00fd\u0161e uveden\u00e9 \u010d\u00e1stky se vztahuj\u00ed na p\u00e1r a ka\u017edou sout\u011b\u017e.<br>Startovn\u00e9 se prim\u00e1rn\u011b plat\u00ed p\u0159i registraci online.<br>Startovn\u00e9 lze zaplatit i v hotovosti v den kon\u00e1n\u00ed sout\u011b\u017ee. Tato mo\u017enost je zpoplatn\u011bna \u010d\u00e1stkou 250 CZK \/ 10 EUR.<br>Registrace je z\u00e1vazn\u00e1 a lze ji stornovat pouze do <mark style=\"background-color:rgba(0, 0, 0, 0)\" class=\"has-inline-color has-nv-c-2-color\">26.8.2026<\/mark>. U mezin\u00e1rodn\u00edch transakc\u00ed je \u00fa\u010dtov\u00e1n poplatek 5 EUR.<\/td><\/tr><tr><td class=\"has-text-align-left\" data-align=\"left\"> Vstupn\u00e9: <\/td><td class=\"has-text-align-left\" data-align=\"left\">Dosp\u011bl\u00ed: 800 CZK \/ 30 EUR<br>D\u011bti do 6 let: zdarma<br>D\u011bti do 14 let: 400 CZK \/ 15 EUR<br>65+&nbsp; : 400 CZK \/ 15 EUR<\/td><\/tr><tr><td class=\"has-text-align-left\" data-align=\"left\"><span class=\"has-inline-color has-nv-c-1-color\"> Spu\u0161t\u011bn\u00ed p\u0159ihl\u00e1\u0161ek:<\/span><\/td><td class=\"has-text-align-left\" data-align=\"left\"><mark style=\"background-color:rgba(0, 0, 0, 0)\" class=\"has-inline-color has-nv-c-1-color\">20.3.2026<\/mark><\/td><\/tr><tr><td class=\"has-text-align-left\" data-align=\"left\"> <span class=\"has-inline-color has-nv-c-2-color\">Uz\u00e1v\u011brka p\u0159ihl\u00e1\u0161ek:  <\/span><\/td><td class=\"has-text-align-left\" data-align=\"left\"><mark style=\"background-color:rgba(0, 0, 0, 0)\" class=\"has-inline-color has-nv-c-2-color\">26.8.2026&nbsp;<\/mark>&nbsp;<\/td><\/tr><tr><td class=\"has-text-align-left\" data-align=\"left\"><strong>Organiza\u010dn\u00ed t\u00fdm<\/strong><\/td><td class=\"has-text-align-left\" data-align=\"left\"><\/td><\/tr><tr><td class=\"has-text-align-left\" data-align=\"left\">S\u010ditatel\u00e9:<\/td><td class=\"has-text-align-left\" data-align=\"left\">Siegel Leo\u0161 + t\u00fdm<\/td><\/tr><tr><td class=\"has-text-align-left\" data-align=\"left\">Check-in:<\/td><td class=\"has-text-align-left\" data-align=\"left\">Tom\u00e1\u0161 Krti\u010dka, Michaela Pace<\/td><\/tr><tr><td class=\"has-text-align-left\" data-align=\"left\">Moder\u00e1to\u0159i:<\/td><td class=\"has-text-align-left\" data-align=\"left\">\u0160atan Milan, Vl\u00e1\u0161kov\u00e1 Lenka<\/td><\/tr><tr><td class=\"has-text-align-left\" data-align=\"left\">Hudba:&nbsp;<\/td><td class=\"has-text-align-left\" data-align=\"left\">&nbsp;Licencovan\u00fd DJ WDSF &#8211; Zita Pavel<\/td><\/tr><tr><td class=\"has-text-align-left\" data-align=\"left\">Medi\u00e1ln\u00ed partner:<\/td><td class=\"has-text-align-left\" data-align=\"left\">\u010cesk\u00fd rozhlas HK, \u010cT-sport<\/td><\/tr><tr><td class=\"has-text-align-left\" data-align=\"left\"><strong>Slu\u017eby<\/strong><\/td><td class=\"has-text-align-left\" data-align=\"left\"><\/td><\/tr><tr><td class=\"has-text-align-left\" data-align=\"left\">Fotograf:<\/td><td class=\"has-text-align-left\" data-align=\"left\"><a href=\"https:\/\/studiopm.pl\" target=\"_blank\" rel=\"noreferrer noopener\">Studio PM<\/a> <\/td><\/tr><tr><td class=\"has-text-align-left\" data-align=\"left\">Hairstyle<br>&amp; Makeup:<\/td><td class=\"has-text-align-left\" data-align=\"left\">N\/A<\/td><\/tr><tr><td class=\"has-text-align-left\" data-align=\"left\">Ostatn\u00ed:<\/td><td class=\"has-text-align-left\" data-align=\"left\"><a href=\"https:\/\/vicante.com\">N\/A<\/a><\/td><\/tr><tr><td class=\"has-text-align-left\" data-align=\"left\"><strong>Ubytov\u00e1n\u00ed<\/strong><\/td><td class=\"has-text-align-left\" data-align=\"left\"><\/td><\/tr><tr><td class=\"has-text-align-left\" data-align=\"left\">Ofici\u00e1ln\u00ed hotely<\/td><td class=\"has-text-align-left\" data-align=\"left\">EA Congress hotel ALDIS****, Akademika Bedrny 371\/12, HK<br>&#8211; hotel je 100 m od KC Aldis<br>Kontaktn\u00ed e-mail pro rezervace:&nbsp;<a href=\"mailto:aldis@eahotels.cz\" target=\"_blank\" rel=\"noreferrer noopener\">aldis@eahotels.cz<\/a> (<strong>P\u0159i rezervaci uv\u00e1d\u011bjte heslo HKO 2026!<\/strong>)<br><a href=\"http:\/\/www.hotelaldis.cz\/\" target=\"_blank\" rel=\"noreferrer noopener\">www.hotelaldis.cz<\/a><br><br>EA Hotel Terezi\u00e1nsk\u00fd dv\u016fr, Jana Koziny 336, 500 00 Hradec Kr\u00e1lov\u00e9<br>&#8211; hotel je 1,5 km od KV Aldis<br>Kontaktn\u00ed e-mail pro rezervace: <a href=\"javascript:nospamf('reztd', 'euroagentur.cz?subject=Rezervace%20ubytov%C3%A1n%C3%AD:%20EA%20Hotel%20Terezi%C3%A1nsk%C3%BD%20dv%C5%AFr%27)\">reztd@euroagentur.cz<\/a><br><a href=\"https:\/\/www.hotelterezianskydvur.com\" target=\"_blank\" rel=\"noreferrer noopener\">www.hotelterezianskydvur.com<\/a><\/td><\/tr><tr><td class=\"has-text-align-left\" data-align=\"left\"><strong>Doprava z leti\u0161t\u011b<\/strong><\/td><td class=\"has-text-align-left\" data-align=\"left\">50 EUR \/ osoba \/ 1 cesta<br><br>Michaela Pace&nbsp; &nbsp; &nbsp; &nbsp; &nbsp; &nbsp; &nbsp; &nbsp; &nbsp; &nbsp; &nbsp; &nbsp; &nbsp; &nbsp; &nbsp; &nbsp; &nbsp; &nbsp;<br>Telefon: +420 776 690 929<br>Email: hkopen2026@gmail.com<\/td><\/tr><tr><td class=\"has-text-align-left\" data-align=\"left\"><strong>Kontakty<\/strong><\/td><td class=\"has-text-align-left\" data-align=\"left\"><\/td><\/tr><tr><td class=\"has-text-align-left\" data-align=\"left\">Hlavn\u00ed organiz\u00e1tor<\/td><td class=\"has-text-align-left\" data-align=\"left\">Dance Team Hradec Kr\u00e1lov\u00e9 z.s.<br>Jaroslav Krti\u010dka<br>Telefon: +420 776 115 664<br>E-mail: krtickajaroslav@seznam.cz<\/td><\/tr><tr><td class=\"has-text-align-left\" data-align=\"left\">Organizace sout\u011b\u017e\u00ed<br>Organizace dopravy<\/td><td class=\"has-text-align-left\" data-align=\"left\">Michaela Pace&nbsp; &nbsp; &nbsp; &nbsp; &nbsp; &nbsp; &nbsp; &nbsp; &nbsp; &nbsp; &nbsp; &nbsp; &nbsp; &nbsp; &nbsp; &nbsp; &nbsp; &nbsp;<br>Telefon: +420 776 690 929<br>Email: hkopen2026@gmail.com<\/td><\/tr><tr><td class=\"has-text-align-left\" data-align=\"left\">Webov\u00e9 rozhran\u00ed<\/td><td class=\"has-text-align-left\" data-align=\"left\">Michal Nov\u00e1k<br>Email: hkopen2026@gmail.com<\/td><\/tr><tr><td class=\"has-text-align-left\" data-align=\"left\">WDSF web sout\u011b\u017ee<\/td><td class=\"has-text-align-left\" data-align=\"left\"><a href=\"https:\/\/www.worlddancesport.org\/Events\/Hradec-Kralove-Czechia-29082026-30082026-8782#tab=general\" target=\"_blank\" rel=\"noreferrer noopener\">HK Open na WDSF<\/a><\/td><\/tr><\/tbody><\/table><\/figure>\n\n\n\n<p><\/p>\n\n\n\n<p><\/p>\n\n\n\n<p><\/p>\n\n\n\n<p><\/p>\n\n\n\n<p><\/p>\n\n\n\n<p><\/p>\n\n\n\n<p><\/p>\n\n\n\n<p><\/p>\n\n\n\n<p><\/p>\n\n\n\n<p><\/p>\n\n\n\n<p><\/p>\n\n\n\n<p><\/p>\n\n\n\n<p><\/p>\n\n\n\n<p><\/p>\n\n\n\n<p><\/p>\n","protected":false},"excerpt":{"rendered":"<p>29. &#8211; 30. srpna 2026 Kongresov\u00e9 centrum ALDIS, HRADEC KR\u00c1LOV\u00c9, \u010cESK\u00c1 REPUBLIKA (mapa) Sout\u011b\u017ee v sobotu 29.8.2026 Otev\u0159en\u00ed s\u00e1lu: 8:00 I Opening ceremony: 9:00 Check-in Zah\u00e1jen\u00ed sout\u011b\u017e\u00ed WDSF International Open Latin Adult WDSF Open Standard Junior II WDSF Open Standard Senior I WDSF Open Standard Senior II WDSF Open Standard Senior III WDSF Open Standard&hellip;&nbsp;<a href=\"https:\/\/hkopen.cz\/index.php\/propozice\/\" rel=\"bookmark\">\u010c\u00edst d\u00e1le &raquo;<span class=\"screen-reader-text\">Propozice<\/span><\/a><\/p>\n","protected":false},"author":1,"featured_media":0,"parent":0,"menu_order":3,"comment_status":"closed","ping_status":"closed","template":"","meta":{"neve_meta_sidebar":"","neve_meta_container":"","neve_meta_enable_content_width":"","neve_meta_content_width":0,"neve_meta_title_alignment":"","neve_meta_author_avatar":"","neve_post_elements_order":"","neve_meta_disable_header":"","neve_meta_disable_footer":"","neve_meta_disable_title":"","footnotes":""},"class_list":["post-1355","page","type-page","status-publish","hentry"],"_links":{"self":[{"href":"https:\/\/hkopen.cz\/index.php\/wp-json\/wp\/v2\/pages\/1355","targetHints":{"allow":["GET"]}}],"collection":[{"href":"https:\/\/hkopen.cz\/index.php\/wp-json\/wp\/v2\/pages"}],"about":[{"href":"https:\/\/hkopen.cz\/index.php\/wp-json\/wp\/v2\/types\/page"}],"author":[{"embeddable":true,"href":"https:\/\/hkopen.cz\/index.php\/wp-json\/wp\/v2\/users\/1"}],"replies":[{"embeddable":true,"href":"https:\/\/hkopen.cz\/index.php\/wp-json\/wp\/v2\/comments?post=1355"}],"version-history":[{"count":212,"href":"https:\/\/hkopen.cz\/index.php\/wp-json\/wp\/v2\/pages\/1355\/revisions"}],"predecessor-version":[{"id":4991,"href":"https:\/\/hkopen.cz\/index.php\/wp-json\/wp\/v2\/pages\/1355\/revisions\/4991"}],"wp:attachment":[{"href":"https:\/\/hkopen.cz\/index.php\/wp-json\/wp\/v2\/media?parent=1355"}],"curies":[{"name":"wp","href":"https:\/\/api.w.org\/{rel}","templated":true}]}}