{"id":1439,"date":"2021-08-12T08:58:12","date_gmt":"2021-08-12T08:58:12","guid":{"rendered":"https:\/\/hkopen.cz\/?page_id=1439"},"modified":"2023-04-23T20:28:51","modified_gmt":"2023-04-23T18:28:51","slug":"mapa","status":"publish","type":"page","link":"https:\/\/hkopen.cz\/index.php\/mapa\/","title":{"rendered":"Kudy na parket?"},"content":{"rendered":"\n<p>Parkovi\u0161t\u011b je p\u0159\u00edmo p\u0159ed budovou Kongresov\u00e9ho centra Aldis. P\u0159ijetede z ulice Akademika Bedrny.<\/p>\n\n\n\n<iframe src=\"https:\/\/www.google.com\/maps\/embed?pb=!1m18!1m12!1m3!1d1518.0972306199192!2d15.831691926819866!3d50.2148838253558!2m3!1f0!2f0!3f0!3m2!1i1024!2i768!4f13.1!3m3!1m2!1s0x470c2b28d8755015%3A0x496df8cafe9674b3!2sKongresov%C3%A9%20centrum%20Aldis!5e0!3m2!1scs!2scz!4v1628758781158!5m2!1scs!2scz\" width=\"600\" height=\"450\" style=\"border:0;\" allowfullscreen=\"\" loading=\"lazy\"><\/iframe>\n\n\n\n<p class=\"has-text-align-left\">Pokud cestujete z daleka, vyu\u017eijte nab\u00eddky ubytov\u00e1n\u00ed v partnersk\u00e9m hotelu:<br>EA Congress hotel ALDIS****, Akademika Bedrny 371\/12, HK<br>\u2013 hotel je 100 m od KC Aldis<br>Kontaktn\u00ed e-mail pro rezervace:\u00a0<a rel=\"noreferrer noopener\" href=\"mailto:aldis@eahotels.cz\" target=\"_blank\">aldis@eahotels.cz<\/a>\u00a0(<strong>P\u0159i rezervaci uv\u00e1d\u011bjte heslo HKO 2023!<\/strong>)<br><a rel=\"noreferrer noopener\" href=\"http:\/\/www.hotelaldis.cz\/\" target=\"_blank\">www.hotelaldis.cz<\/a><\/p>\n\n\n\n<p>Pokud budete cestovat letadlem, pravd\u011bpodobn\u011b p\u0159istanete na leti\u0161ti V\u00e1clava Havla v Praze (Ruzyn\u011b). Z Prahy je to k n\u00e1m cca 100km na v\u00fdchod. Nab\u00edz\u00edme tak\u00e9 mo\u017enost dopravy za poplatek 30 EUR \/ osoba. Pokud m\u00e1te z\u00e1jem, napi\u0161te organiz\u00e1torce sout\u011b\u017e\u00ed, Michaele Pace na <a rel=\"noreferrer noopener\" href=\"mailto:happymisanda@Hotmail.com\" target=\"_blank\">hkopen2023@gmail.com<\/a>!<\/p>\n","protected":false},"excerpt":{"rendered":"<p>Parkovi\u0161t\u011b je p\u0159\u00edmo p\u0159ed budovou Kongresov\u00e9ho centra Aldis. P\u0159ijetede z ulice Akademika Bedrny. Pokud cestujete z daleka, vyu\u017eijte nab\u00eddky ubytov\u00e1n\u00ed v partnersk\u00e9m hotelu:EA Congress hotel ALDIS****, Akademika Bedrny 371\/12, HK\u2013 hotel je 100 m od KC AldisKontaktn\u00ed e-mail pro rezervace:\u00a0aldis@eahotels.cz\u00a0(P\u0159i rezervaci uv\u00e1d\u011bjte heslo HKO 2023!)www.hotelaldis.cz Pokud budete cestovat letadlem, pravd\u011bpodobn\u011b p\u0159istanete na leti\u0161ti V\u00e1clava Havla&hellip;&nbsp;<a href=\"https:\/\/hkopen.cz\/index.php\/mapa\/\" rel=\"bookmark\">\u010c\u00edst d\u00e1le &raquo;<span class=\"screen-reader-text\">Kudy na parket?<\/span><\/a><\/p>\n","protected":false},"author":1,"featured_media":0,"parent":0,"menu_order":42,"comment_status":"closed","ping_status":"closed","template":"","meta":{"neve_meta_sidebar":"","neve_meta_container":"","neve_meta_enable_content_width":"","neve_meta_content_width":0,"neve_meta_title_alignment":"","neve_meta_author_avatar":"","neve_post_elements_order":"","neve_meta_disable_header":"","neve_meta_disable_footer":"","neve_meta_disable_title":"","footnotes":""},"class_list":["post-1439","page","type-page","status-publish","hentry"],"_links":{"self":[{"href":"https:\/\/hkopen.cz\/index.php\/wp-json\/wp\/v2\/pages\/1439","targetHints":{"allow":["GET"]}}],"collection":[{"href":"https:\/\/hkopen.cz\/index.php\/wp-json\/wp\/v2\/pages"}],"about":[{"href":"https:\/\/hkopen.cz\/index.php\/wp-json\/wp\/v2\/types\/page"}],"author":[{"embeddable":true,"href":"https:\/\/hkopen.cz\/index.php\/wp-json\/wp\/v2\/users\/1"}],"replies":[{"embeddable":true,"href":"https:\/\/hkopen.cz\/index.php\/wp-json\/wp\/v2\/comments?post=1439"}],"version-history":[{"count":7,"href":"https:\/\/hkopen.cz\/index.php\/wp-json\/wp\/v2\/pages\/1439\/revisions"}],"predecessor-version":[{"id":3419,"href":"https:\/\/hkopen.cz\/index.php\/wp-json\/wp\/v2\/pages\/1439\/revisions\/3419"}],"wp:attachment":[{"href":"https:\/\/hkopen.cz\/index.php\/wp-json\/wp\/v2\/media?parent=1439"}],"curies":[{"name":"wp","href":"https:\/\/api.w.org\/{rel}","templated":true}]}}