{"id":1463,"date":"2021-08-12T11:33:15","date_gmt":"2021-08-12T11:33:15","guid":{"rendered":"https:\/\/hkopen.cz\/?page_id=1463"},"modified":"2026-03-25T00:18:22","modified_gmt":"2026-03-24T22:18:22","slug":"competition-info","status":"publish","type":"page","link":"https:\/\/hkopen.cz\/index.php\/en\/competition-info\/","title":{"rendered":"Competition info"},"content":{"rendered":"\n<p><strong><em><mark style=\"background-color:rgba(0, 0, 0, 0)\" class=\"has-inline-color has-neve-link-color-color\">29<sup>th<\/sup> <strong><em><mark style=\"background-color:rgba(0, 0, 0, 0)\" class=\"has-inline-color has-neve-link-color-color\">&amp;<\/mark><\/em><\/strong><\/mark><\/em><\/strong> <strong><em><mark style=\"background-color:rgba(0, 0, 0, 0)\" class=\"has-inline-color has-neve-link-color-color\">30<sup>th<\/sup> August 2026 CONGRESS CENTER ALDIS, HRADEC KRALOVE, CZECH REPUBLIC<\/mark><\/em><\/strong> (<a href=\"https:\/\/hkopen.cz\/index.php\/en\/map\/\">map<\/a>)<\/p>\n\n\n\n<h4 class=\"wp-block-heading\">Saturday August 29, 2026<\/h4>\n\n\n\n<figure class=\"wp-block-table is-style-stripes\"><table><tbody><tr><td>Hall open: 8:00 I Opening ceremony: 9:00<\/td><td class=\"has-text-align-center\" data-align=\"center\">Check-in<\/td><td class=\"has-text-align-center\" data-align=\"center\">Competiton begins<\/td><\/tr><tr><td>WDSF International Open Latin Adult<\/td><td class=\"has-text-align-center\" data-align=\"center\"><\/td><td class=\"has-text-align-center\" data-align=\"center\"><\/td><\/tr><tr><td>WDSF Open Standard Junior II<\/td><td class=\"has-text-align-center\" data-align=\"center\"><\/td><td class=\"has-text-align-center\" data-align=\"center\"><\/td><\/tr><tr><td>WDSF Open Standard Senior I<\/td><td class=\"has-text-align-center\" data-align=\"center\"><\/td><td class=\"has-text-align-center\" data-align=\"center\"><\/td><\/tr><tr><td>WDSF Open Standard Senior II<\/td><td class=\"has-text-align-center\" data-align=\"center\"><\/td><td class=\"has-text-align-center\" data-align=\"center\"><\/td><\/tr><tr><td>WDSF Open Standard Senior III<\/td><td class=\"has-text-align-center\" data-align=\"center\"><\/td><td class=\"has-text-align-center\" data-align=\"center\"><\/td><\/tr><tr><td>WDSF Open Standard Senior IV<\/td><td class=\"has-text-align-center\" data-align=\"center\"><\/td><td class=\"has-text-align-center\" data-align=\"center\"><\/td><\/tr><tr><td>WDSF Open Standard Senior V<\/td><td class=\"has-text-align-center\" data-align=\"center\"><\/td><td class=\"has-text-align-center\" data-align=\"center\"><\/td><\/tr><tr><td>WDSF Open Latin Youth<\/td><td class=\"has-text-align-center\" data-align=\"center\"><\/td><td class=\"has-text-align-center\" data-align=\"center\"><\/td><\/tr><tr><td>WDSF Open Latin Junior II<\/td><td class=\"has-text-align-center\" data-align=\"center\"><\/td><td class=\"has-text-align-center\" data-align=\"center\"><\/td><\/tr><tr><td>WDSF Open Latin Senior III<\/td><td class=\"has-text-align-center\" data-align=\"center\"><\/td><td class=\"has-text-align-center\" data-align=\"center\"><\/td><\/tr><tr><td>DSE GP Standard Junior I<\/td><td class=\"has-text-align-center\" data-align=\"center\"><\/td><td class=\"has-text-align-center\" data-align=\"center\"><\/td><\/tr><tr><td>DSE GP Latin Junior I<\/td><td class=\"has-text-align-center\" data-align=\"center\"><\/td><td class=\"has-text-align-center\" data-align=\"center\"><\/td><\/tr><\/tbody><\/table><\/figure>\n\n\n\n<h4 class=\"wp-block-heading\">Sunday August 30, 2026<\/h4>\n\n\n\n<figure class=\"wp-block-table is-style-stripes\"><table><tbody><tr><td>Hall open: 8:00 I Opening ceremony: 9:00<\/td><td class=\"has-text-align-center\" data-align=\"center\">Check-in<\/td><td class=\"has-text-align-center\" data-align=\"center\">Competiton begins<\/td><\/tr><tr><td>WDSF International Open Standard Adult<\/td><td class=\"has-text-align-center\" data-align=\"center\"><\/td><td class=\"has-text-align-center\" data-align=\"center\"><\/td><\/tr><tr><td>WDSF Open Standard Youth<\/td><td class=\"has-text-align-center\" data-align=\"center\"><\/td><td class=\"has-text-align-center\" data-align=\"center\"><\/td><\/tr><tr><td>WDSF Open Standard Senior III<\/td><td class=\"has-text-align-center\" data-align=\"center\"><\/td><td class=\"has-text-align-center\" data-align=\"center\"><\/td><\/tr><tr><td>WDSF Open Standard Senior IV<\/td><td class=\"has-text-align-center\" data-align=\"center\"><\/td><td class=\"has-text-align-center\" data-align=\"center\"><\/td><\/tr><tr><td>WDSF Open Standard Rising Stars<\/td><td class=\"has-text-align-center\" data-align=\"center\"><\/td><td class=\"has-text-align-center\" data-align=\"center\"><\/td><\/tr><tr><td>WDSF Open Latin Senior I<\/td><td class=\"has-text-align-center\" data-align=\"center\"><\/td><td class=\"has-text-align-center\" data-align=\"center\"><\/td><\/tr><tr><td>WDSF Open Latin Senior II<\/td><td class=\"has-text-align-center\" data-align=\"center\"><\/td><td class=\"has-text-align-center\" data-align=\"center\"><\/td><\/tr><tr><td>WDSF Open Latin Senior III<\/td><td class=\"has-text-align-center\" data-align=\"center\"><\/td><td class=\"has-text-align-center\" data-align=\"center\"><\/td><\/tr><tr><td>WDSF Open Latin Rising Stars<\/td><td class=\"has-text-align-center\" data-align=\"center\"><\/td><td class=\"has-text-align-center\" data-align=\"center\"><\/td><\/tr><tr><td>DSE GP Standard Juveniles<\/td><td class=\"has-text-align-center\" data-align=\"center\"><\/td><td class=\"has-text-align-center\" data-align=\"center\"><\/td><\/tr><tr><td>DSE GP Latin Juveniles<\/td><td class=\"has-text-align-center\" data-align=\"center\"><\/td><td class=\"has-text-align-center\" data-align=\"center\"><\/td><\/tr><tr><td>DSE GP Standard Junior II<\/td><td class=\"has-text-align-center\" data-align=\"center\"><\/td><td class=\"has-text-align-center\" data-align=\"center\"><\/td><\/tr><tr><td>DSE GP Latin Junior II<\/td><td class=\"has-text-align-center\" data-align=\"center\"><\/td><td class=\"has-text-align-center\" data-align=\"center\"><\/td><\/tr><\/tbody><\/table><\/figure>\n\n\n\n<h4 class=\"wp-block-heading\">Organizational information<\/h4>\n\n\n\n<figure class=\"wp-block-table alignleft is-style-stripes\"><table><tbody><tr><td class=\"has-text-align-left\" data-align=\"left\">Organizer:<\/td><td>Dance Sport Federation Czech Republic<br>Jaroslav a Jana Krticka &#8211; Dance school<br>Dance Team Hradec Kralove<br>CITY Hradec Kralove<br>Hradec Kralove region<\/td><\/tr><tr><td class=\"has-text-align-left\" data-align=\"left\">Competition rules:<\/td><td>WDSF (incl.Dres-Code)<\/td><\/tr><tr><td class=\"has-text-align-left\" data-align=\"left\">Chairperson:<\/td><td>Mgr.Veronika Spanikova &#8211; SK<\/td><\/tr><tr><td class=\"has-text-align-left\" data-align=\"left\">Adjudicators:<\/td><td>9-11 adjudicators from 9-11 countries<br>(Poland, Austria, Lithuania, Hungary, Slovakia, USA, Belgium, Germany, Romania, Portugal, Ukraine, Slovenia, Italy, Czech Republic)<\/td><\/tr><tr><td class=\"has-text-align-left\" data-align=\"left\">Dance floor:<\/td><td>23 x 14 m<\/td><\/tr><tr><td class=\"has-text-align-left\" data-align=\"left\">Starting fee:<\/td><td>WDSF Open Junior II 40 EUR<br>WDSF Open Youth 50 EUR<br>WDSF Open Senior 65 EUR<br>WDSF Open Rising Stars 65 EUR<br>WDSF International Open 65 EUR<br>DSE GP 40 EUR<br><br>The amounts listed above are per couple and per competition.<br>Entry fees are primarily paid during online registration.<br>Entry fees can also be paid in cash on the day of the competition. This option is subject to an additional fee of 10 EUR.<br>Registration is binding and can only be cancelled until August 26, 2026. A fee of 5 EUR is charged for international transactions<\/td><\/tr><tr><td class=\"has-text-align-left\" data-align=\"left\">Entry fee:<\/td><td>Adults: 30 EUR<br>Children up to 6 years: free<br>Children 6-14 years: 15 EUR<br>65+&nbsp;: 15 EUR<\/td><\/tr><tr><td class=\"has-text-align-left\" data-align=\"left\"><span class=\"has-inline-color has-nv-c-1-color\">Opening date:<\/span><\/td><td><mark style=\"background-color:rgba(0, 0, 0, 0)\" class=\"has-inline-color has-nv-c-1-color\"><br>20<sup>th<\/sup> March 2026<\/mark><\/td><\/tr><tr><td class=\"has-text-align-left\" data-align=\"left\"><span class=\"has-inline-color has-nv-c-2-color\">Closing date:<\/span><\/td><td><mark style=\"background-color:rgba(0, 0, 0, 0)\" class=\"has-inline-color has-nv-c-2-color\">26<sup>th<\/sup> August 2026<\/mark><\/td><\/tr><tr><td class=\"has-text-align-left\" data-align=\"left\"><strong>Organizational team<\/strong><\/td><td><\/td><\/tr><tr><td class=\"has-text-align-left\" data-align=\"left\">Scrutineers: <\/td><td>Siegel Leos + team<\/td><\/tr><tr><td class=\"has-text-align-left\" data-align=\"left\">Check-in:<\/td><td>Tomas Krticka, Michaela Pace<\/td><\/tr><tr><td class=\"has-text-align-left\" data-align=\"left\">Master of Ceremony:<\/td><td>Satan Milan, Vlaskova Lenka<\/td><\/tr><tr><td class=\"has-text-align-left\" data-align=\"left\">Music:&nbsp;<\/td><td>&nbsp;WDSF licensed DJ &#8211; Zita Pavel<\/td><\/tr><tr><td class=\"has-text-align-left\" data-align=\"left\">Media:<\/td><td>Cesky rozhlas HK, CT-sport<\/td><\/tr><tr><td class=\"has-text-align-left\" data-align=\"left\"><strong>Services<\/strong><\/td><td><\/td><\/tr><tr><td class=\"has-text-align-left\" data-align=\"left\">Photography:<\/td><td><a href=\"https:\/\/studiopm.pl\" target=\"_blank\" rel=\"noreferrer noopener\">Studio PM<\/a><\/td><\/tr><tr><td class=\"has-text-align-left\" data-align=\"left\">Hairstyle<br>&amp; Makeup:<\/td><td>N\/A<a href=\"https:\/\/www.instagram.com\/aura_beauty_style\/?igsh=OXp5czExN3lrcm05\"><\/a><\/td><\/tr><tr><td class=\"has-text-align-left\" data-align=\"left\">Others:<\/td><td>N\/A<\/td><\/tr><tr><td class=\"has-text-align-left\" data-align=\"left\"><strong>Accomodation<\/strong><\/td><td><\/td><\/tr><tr><td class=\"has-text-align-left\" data-align=\"left\">Official hotels<\/td><td>EA Congress hotel ALDIS****, Akademika Bedrny 371\/12, HK<br>Distance to place of competition: 100 m<br>Contact e-mail for reservations:&nbsp;<a href=\"mailto:aldis@eahotels.cz\" target=\"_blank\" rel=\"noreferrer noopener\">aldis@eahotels.cz<\/a> (<strong>When booking, please mention the password HKO 2026!<\/strong>)<br>Web: <a href=\"http:\/\/www.hotelaldis.cz\/\" target=\"_blank\" rel=\"noreferrer noopener\">www.hotelaldis.cz<\/a><br><br>EA Hotel Terezi\u00e1nsk\u00fd dv\u016fr Jana Koziny 336, 500 00 Hradec Kr\u00e1lov\u00e9<br>Distance to place of competition: 1.5 km<br>Booking email: reztd@euroagentur.cz<br>Web: <a href=\"http:\/\/www.hotelterezianskydvur.com\" target=\"_blank\" rel=\"noreferrer noopener\">www.hotelterezianskydvur.com<\/a><br><mark style=\"background-color:rgba(0, 0, 0, 0)\" class=\"has-inline-color has-nv-dark-bg-color\"><\/mark><\/td><\/tr><tr><td class=\"has-text-align-left\" data-align=\"left\">Airport transport<\/td><td>50 EUR \/ person \/ 1 way<br><br>Michaela Pace&nbsp; &nbsp; &nbsp; &nbsp; &nbsp; &nbsp; &nbsp; &nbsp; &nbsp; &nbsp; &nbsp; &nbsp; &nbsp; &nbsp; &nbsp; &nbsp; &nbsp; &nbsp;<br>Telefon: +420 776 690 929<br>Email: hkopen2026@gmail.com<\/td><\/tr><tr><td class=\"has-text-align-left\" data-align=\"left\"><strong>Contacts<\/strong><\/td><td><\/td><\/tr><tr><td class=\"has-text-align-left\" data-align=\"left\">Main organizator:<\/td><td>Dance Team Hradec Kr\u00e1lov\u00e9 z.s.<br>Jaroslav Krticka<br>Telefon: +420 776 115 664<br>E-mail: krtickajaroslav@seznam.cz<\/td><\/tr><tr><td class=\"has-text-align-left\" data-align=\"left\">Competiton organizator:<br>Transportation org.<\/td><td>Michaela Pace&nbsp; &nbsp; &nbsp; &nbsp; &nbsp; &nbsp; &nbsp; &nbsp; &nbsp; &nbsp; &nbsp; &nbsp; &nbsp; &nbsp; &nbsp; &nbsp; &nbsp; &nbsp;<br>Telefon: +420 776 690 929<br>Email: hkopen2026@gmail.com<\/td><\/tr><tr><td class=\"has-text-align-left\" data-align=\"left\">Web interface<\/td><td>Michal Novak<br>Email: hkopen2026@gmail.com<\/td><\/tr><tr><td class=\"has-text-align-left\" data-align=\"left\">WDSF link<\/td><td><a href=\"https:\/\/www.worlddancesport.org\/Events\/Hradec-Kralove-Czechia-29082026-30082026-8782#tab=general\" target=\"_blank\" rel=\"noreferrer noopener\">HK Open at WDSF<\/a><\/td><\/tr><\/tbody><\/table><\/figure>\n\n\n\n<p><\/p>\n\n\n\n<p><\/p>\n\n\n\n<p><\/p>\n\n\n\n<p><\/p>\n\n\n\n<p><\/p>\n\n\n\n<p><\/p>\n\n\n\n<p><\/p>\n\n\n\n<p><\/p>\n\n\n\n<p><\/p>\n\n\n\n<p><\/p>\n\n\n\n<p><\/p>\n\n\n\n<p><\/p>\n\n\n\n<p><\/p>\n","protected":false},"excerpt":{"rendered":"<p>29th &amp; 30th August 2026 CONGRESS CENTER ALDIS, HRADEC KRALOVE, CZECH REPUBLIC (map) Saturday August 29, 2026 Hall open: 8:00 I Opening ceremony: 9:00 Check-in Competiton begins WDSF International Open Latin Adult WDSF Open Standard Junior II WDSF Open Standard Senior I WDSF Open Standard Senior II WDSF Open Standard Senior III WDSF Open Standard&hellip;&nbsp;<a href=\"https:\/\/hkopen.cz\/index.php\/en\/competition-info\/\" rel=\"bookmark\">\u010c\u00edst d\u00e1le &raquo;<span class=\"screen-reader-text\">Competition info<\/span><\/a><\/p>\n","protected":false},"author":1,"featured_media":0,"parent":0,"menu_order":5,"comment_status":"closed","ping_status":"closed","template":"","meta":{"neve_meta_sidebar":"","neve_meta_container":"","neve_meta_enable_content_width":"","neve_meta_content_width":0,"neve_meta_title_alignment":"","neve_meta_author_avatar":"","neve_post_elements_order":"","neve_meta_disable_header":"","neve_meta_disable_footer":"","neve_meta_disable_title":"","footnotes":""},"class_list":["post-1463","page","type-page","status-publish","hentry"],"_links":{"self":[{"href":"https:\/\/hkopen.cz\/index.php\/wp-json\/wp\/v2\/pages\/1463","targetHints":{"allow":["GET"]}}],"collection":[{"href":"https:\/\/hkopen.cz\/index.php\/wp-json\/wp\/v2\/pages"}],"about":[{"href":"https:\/\/hkopen.cz\/index.php\/wp-json\/wp\/v2\/types\/page"}],"author":[{"embeddable":true,"href":"https:\/\/hkopen.cz\/index.php\/wp-json\/wp\/v2\/users\/1"}],"replies":[{"embeddable":true,"href":"https:\/\/hkopen.cz\/index.php\/wp-json\/wp\/v2\/comments?post=1463"}],"version-history":[{"count":174,"href":"https:\/\/hkopen.cz\/index.php\/wp-json\/wp\/v2\/pages\/1463\/revisions"}],"predecessor-version":[{"id":4993,"href":"https:\/\/hkopen.cz\/index.php\/wp-json\/wp\/v2\/pages\/1463\/revisions\/4993"}],"wp:attachment":[{"href":"https:\/\/hkopen.cz\/index.php\/wp-json\/wp\/v2\/media?parent=1463"}],"curies":[{"name":"wp","href":"https:\/\/api.w.org\/{rel}","templated":true}]}}