{"id":1475,"date":"2021-08-12T12:21:12","date_gmt":"2021-08-12T12:21:12","guid":{"rendered":"https:\/\/hkopen.cz\/?page_id=1475"},"modified":"2023-04-23T20:30:12","modified_gmt":"2023-04-23T18:30:12","slug":"map","status":"publish","type":"page","link":"https:\/\/hkopen.cz\/index.php\/en\/map\/","title":{"rendered":"How to find the dance floor?"},"content":{"rendered":"\n<p>Parking is directly in front of the Congress Centre Aldis. You will arrive from Akademika Bedrny Street.<\/p>\n\n\n\n<iframe src=\"https:\/\/www.google.com\/maps\/embed?pb=!1m18!1m12!1m3!1d1518.0972306199192!2d15.831691926819866!3d50.2148838253558!2m3!1f0!2f0!3f0!3m2!1i1024!2i768!4f13.1!3m3!1m2!1s0x470c2b28d8755015%3A0x496df8cafe9674b3!2sKongresov%C3%A9%20centrum%20Aldis!5e0!3m2!1scs!2scz!4v1628758781158!5m2!1scs!2scz\" width=\"600\" height=\"450\" style=\"border:0;\" allowfullscreen=\"\" loading=\"lazy\"><\/iframe>\n\n\n\n<p>If you are travelling from a far, take advantage of the accommodation offer at our partner hotel:<br>EA Congress hotel ALDIS****, Akademika Bedrny 371\/12, HK<br>\u2013 hotel is 100 m from the place of competition<br>Contact e-mail for reservations:\u00a0<a rel=\"noreferrer noopener\" href=\"mailto:aldis@eahotels.cz\" target=\"_blank\">aldis@eahotels.cz<\/a>\u00a0(<strong>When booking, please mention the password HKO 2023!<\/strong>)<br>Web:\u00a0<a rel=\"noreferrer noopener\" href=\"http:\/\/www.hotelaldis.cz\/\" target=\"_blank\">www.hotelaldis.cz<\/a><\/p>\n\n\n\n<p>If you are travelling by plane, you will probably land at V\u00e1clav Havel Airport in Prague (Ruzyn\u011b). From Prague it is about 100km east to us. We also offer transport for a fee of 30 EUR per person. If you&#8217;re interested, email the contest organizer, Michaela Pace at <a href=\"mailto:hkopen2023@gmail.com\">hkopen2023@gmail.com<\/a>!<\/p>\n","protected":false},"excerpt":{"rendered":"<p>Parking is directly in front of the Congress Centre Aldis. You will arrive from Akademika Bedrny Street. If you are travelling from a far, take advantage of the accommodation offer at our partner hotel:EA Congress hotel ALDIS****, Akademika Bedrny 371\/12, HK\u2013 hotel is 100 m from the place of competitionContact e-mail for reservations:\u00a0aldis@eahotels.cz\u00a0(When booking, please&hellip;&nbsp;<a href=\"https:\/\/hkopen.cz\/index.php\/en\/map\/\" rel=\"bookmark\">\u010c\u00edst d\u00e1le &raquo;<span class=\"screen-reader-text\">How to find the dance floor?<\/span><\/a><\/p>\n","protected":false},"author":1,"featured_media":0,"parent":0,"menu_order":43,"comment_status":"closed","ping_status":"closed","template":"","meta":{"neve_meta_sidebar":"","neve_meta_container":"","neve_meta_enable_content_width":"","neve_meta_content_width":0,"neve_meta_title_alignment":"","neve_meta_author_avatar":"","neve_post_elements_order":"","neve_meta_disable_header":"","neve_meta_disable_footer":"","neve_meta_disable_title":"","footnotes":""},"class_list":["post-1475","page","type-page","status-publish","hentry"],"_links":{"self":[{"href":"https:\/\/hkopen.cz\/index.php\/wp-json\/wp\/v2\/pages\/1475","targetHints":{"allow":["GET"]}}],"collection":[{"href":"https:\/\/hkopen.cz\/index.php\/wp-json\/wp\/v2\/pages"}],"about":[{"href":"https:\/\/hkopen.cz\/index.php\/wp-json\/wp\/v2\/types\/page"}],"author":[{"embeddable":true,"href":"https:\/\/hkopen.cz\/index.php\/wp-json\/wp\/v2\/users\/1"}],"replies":[{"embeddable":true,"href":"https:\/\/hkopen.cz\/index.php\/wp-json\/wp\/v2\/comments?post=1475"}],"version-history":[{"count":5,"href":"https:\/\/hkopen.cz\/index.php\/wp-json\/wp\/v2\/pages\/1475\/revisions"}],"predecessor-version":[{"id":3421,"href":"https:\/\/hkopen.cz\/index.php\/wp-json\/wp\/v2\/pages\/1475\/revisions\/3421"}],"wp:attachment":[{"href":"https:\/\/hkopen.cz\/index.php\/wp-json\/wp\/v2\/media?parent=1475"}],"curies":[{"name":"wp","href":"https:\/\/api.w.org\/{rel}","templated":true}]}}