{"id":1487,"date":"2021-08-12T19:13:46","date_gmt":"2021-08-12T19:13:46","guid":{"rendered":"https:\/\/hkopen.cz\/?page_id=1487"},"modified":"2025-02-16T01:40:34","modified_gmt":"2025-02-15T23:40:34","slug":"contact","status":"publish","type":"page","link":"https:\/\/hkopen.cz\/index.php\/en\/contact\/","title":{"rendered":"Contact"},"content":{"rendered":"\n<h5 class=\"wp-block-heading\"><a href=\"https:\/\/hkopen.cz\/index.php\/en\/map\/\">Place of competition<\/a><\/h5>\n\n\n\n<p>Main organizator:<\/p>\n\n\n\n<h4 class=\"wp-block-heading\">Jaroslav Krticka<\/h4>\n\n\n\n<p>Phone: +420 776 115 664<br>E-mail: krtickajaroslav@seznam.cz<\/p>\n\n\n\n<h4 class=\"wp-block-heading\">Michaela Pace &#8211; competition and airport transport organization<\/h4>\n\n\n\n<p>Phone\/ Whatsapp: +420 776 690 929<br>E-mail: hkopen2025@gmail.com<\/p>\n\n\n\n<h4 class=\"wp-block-heading\">Michal Novak &#8211; web interface<\/h4>\n\n\n\n<p>E-mail: hkopen2025@gmail.com<\/p>\n\n\n\n<p><strong><mark style=\"background-color:rgba(0, 0, 0, 0)\" class=\"has-inline-color has-neve-link-color-color\">Send us a message:<\/mark><\/strong><\/p>\n\n\n\n<div class=\"wp-block-contact-form-7-contact-form-selector\">\n<div class=\"wpcf7 no-js\" id=\"wpcf7-f1489-o1\" lang=\"cs-CZ\" dir=\"ltr\" data-wpcf7-id=\"1489\">\n<div class=\"screen-reader-response\"><p role=\"status\" aria-live=\"polite\" aria-atomic=\"true\"><\/p> <ul><\/ul><\/div>\n<form action=\"\/index.php\/wp-json\/wp\/v2\/pages\/1487#wpcf7-f1489-o1\" method=\"post\" class=\"wpcf7-form init\" aria-label=\"Kontaktn\u00ed formul\u00e1\u0159\" novalidate=\"novalidate\" data-status=\"init\">\n<fieldset class=\"hidden-fields-container\"><input type=\"hidden\" name=\"_wpcf7\" value=\"1489\" \/><input type=\"hidden\" name=\"_wpcf7_version\" value=\"6.1.5\" \/><input type=\"hidden\" name=\"_wpcf7_locale\" value=\"cs_CZ\" \/><input type=\"hidden\" name=\"_wpcf7_unit_tag\" value=\"wpcf7-f1489-o1\" \/><input type=\"hidden\" name=\"_wpcf7_container_post\" value=\"0\" \/><input type=\"hidden\" name=\"_wpcf7_posted_data_hash\" value=\"\" \/><input type=\"hidden\" name=\"_wpcf7_recaptcha_response\" value=\"\" \/>\n<\/fieldset>\n<p> Your name<br \/>\n<span class=\"wpcf7-form-control-wrap\" data-name=\"your-name\"><input size=\"40\" maxlength=\"400\" class=\"wpcf7-form-control wpcf7-text wpcf7-validates-as-required\" aria-required=\"true\" aria-invalid=\"false\" value=\"\" type=\"text\" name=\"your-name\" \/><\/span><br \/>\nYour e-mail<br \/>\n<span class=\"wpcf7-form-control-wrap\" data-name=\"your-email\"><input size=\"40\" maxlength=\"400\" class=\"wpcf7-form-control wpcf7-email wpcf7-validates-as-required wpcf7-text wpcf7-validates-as-email\" aria-required=\"true\" aria-invalid=\"false\" value=\"\" type=\"email\" name=\"your-email\" \/><\/span><br \/>\nSubject<br \/>\n<span class=\"wpcf7-form-control-wrap\" data-name=\"your-subject\"><input size=\"40\" maxlength=\"400\" class=\"wpcf7-form-control wpcf7-text wpcf7-validates-as-required\" aria-required=\"true\" aria-invalid=\"false\" value=\"\" type=\"text\" name=\"your-subject\" \/><\/span><br \/>\nMessage<br \/>\n<span class=\"wpcf7-form-control-wrap\" data-name=\"your-message\"><textarea cols=\"40\" rows=\"10\" maxlength=\"2000\" class=\"wpcf7-form-control wpcf7-textarea\" aria-invalid=\"false\" name=\"your-message\"><\/textarea><\/span>\n<\/p>\n<p><input class=\"wpcf7-form-control wpcf7-submit has-spinner\" type=\"submit\" value=\"Send\" \/>\n<\/p><div class=\"wpcf7-response-output\" aria-hidden=\"true\"><\/div>\n<\/form>\n<\/div>\n<\/div>\n","protected":false},"excerpt":{"rendered":"<p>Place of competition Main organizator: Jaroslav Krticka Phone: +420 776 115 664E-mail: krtickajaroslav@seznam.cz Michaela Pace &#8211; competition and airport transport organization Phone\/ Whatsapp: +420 776 690 929E-mail: hkopen2025@gmail.com Michal Novak &#8211; web interface E-mail: hkopen2025@gmail.com Send us a message:<\/p>\n","protected":false},"author":1,"featured_media":0,"parent":0,"menu_order":14,"comment_status":"closed","ping_status":"closed","template":"","meta":{"neve_meta_sidebar":"","neve_meta_container":"","neve_meta_enable_content_width":"","neve_meta_content_width":0,"neve_meta_title_alignment":"","neve_meta_author_avatar":"","neve_post_elements_order":"","neve_meta_disable_header":"","neve_meta_disable_footer":"","neve_meta_disable_title":"","footnotes":""},"class_list":["post-1487","page","type-page","status-publish","hentry"],"_links":{"self":[{"href":"https:\/\/hkopen.cz\/index.php\/wp-json\/wp\/v2\/pages\/1487","targetHints":{"allow":["GET"]}}],"collection":[{"href":"https:\/\/hkopen.cz\/index.php\/wp-json\/wp\/v2\/pages"}],"about":[{"href":"https:\/\/hkopen.cz\/index.php\/wp-json\/wp\/v2\/types\/page"}],"author":[{"embeddable":true,"href":"https:\/\/hkopen.cz\/index.php\/wp-json\/wp\/v2\/users\/1"}],"replies":[{"embeddable":true,"href":"https:\/\/hkopen.cz\/index.php\/wp-json\/wp\/v2\/comments?post=1487"}],"version-history":[{"count":8,"href":"https:\/\/hkopen.cz\/index.php\/wp-json\/wp\/v2\/pages\/1487\/revisions"}],"predecessor-version":[{"id":4515,"href":"https:\/\/hkopen.cz\/index.php\/wp-json\/wp\/v2\/pages\/1487\/revisions\/4515"}],"wp:attachment":[{"href":"https:\/\/hkopen.cz\/index.php\/wp-json\/wp\/v2\/media?parent=1487"}],"curies":[{"name":"wp","href":"https:\/\/api.w.org\/{rel}","templated":true}]}}