{"id":2169,"date":"2022-07-06T18:52:11","date_gmt":"2022-07-06T18:52:11","guid":{"rendered":"https:\/\/hkopen.cz\/?page_id=2169"},"modified":"2026-04-07T23:41:51","modified_gmt":"2026-04-07T21:41:51","slug":"vitejte-test","status":"publish","type":"page","link":"https:\/\/hkopen.cz\/","title":{"rendered":"Registrace spu\u0161t\u011bna!"},"content":{"rendered":"\n<div style=\"height:16px\" aria-hidden=\"true\" class=\"wp-block-spacer\"><\/div>\n\n\n\n<div class=\"wp-block-cover\" style=\"min-height:258px;aspect-ratio:unset;\"><img loading=\"lazy\" decoding=\"async\" width=\"1024\" height=\"576\" class=\"wp-block-cover__image-background wp-image-4826\" alt=\"\" src=\"https:\/\/hkopen.cz\/wp-content\/uploads\/2025\/09\/HKO2025w03-1024x576.jpg\" data-object-fit=\"cover\" srcset=\"https:\/\/hkopen.cz\/wp-content\/uploads\/2025\/09\/HKO2025w03-1024x576.jpg 1024w, https:\/\/hkopen.cz\/wp-content\/uploads\/2025\/09\/HKO2025w03-300x169.jpg 300w, https:\/\/hkopen.cz\/wp-content\/uploads\/2025\/09\/HKO2025w03-768x432.jpg 768w, https:\/\/hkopen.cz\/wp-content\/uploads\/2025\/09\/HKO2025w03.jpg 1280w\" sizes=\"auto, (max-width: 1024px) 100vw, 1024px\" \/><span aria-hidden=\"true\" class=\"wp-block-cover__background has-background-dim\"><\/span><div class=\"wp-block-cover__inner-container is-layout-flow wp-block-cover-is-layout-flow\">\n<p class=\"has-text-align-center has-large-font-size\"><strong><mark style=\"background-color:rgba(0, 0, 0, 0)\" class=\"has-inline-color has-nv-site-bg-color\">Term\u00edn 29. &#8211; 30.8.2026 se bl\u00ed\u017e\u00ed a vy u\u017e se m\u016f\u017eete p\u0159ihl\u00e1sit \ud83d\ude09<\/mark><\/strong><\/p>\n\n\n\n<figure class=\"wp-block-embed alignright is-type-video is-provider-youtube wp-block-embed-youtube wp-embed-aspect-16-9 wp-has-aspect-ratio\"><div class=\"wp-block-embed__wrapper\">\n<div class=\"nv-iframe-embed\"><iframe loading=\"lazy\" title=\"hkopen 2026\" width=\"1200\" height=\"675\" src=\"https:\/\/www.youtube.com\/embed\/uGJRAz-4VRQ?feature=oembed\" frameborder=\"0\" allow=\"accelerometer; autoplay; clipboard-write; encrypted-media; gyroscope; picture-in-picture; web-share\" referrerpolicy=\"strict-origin-when-cross-origin\" allowfullscreen><\/iframe><\/div>\n<\/div><\/figure>\n<\/div><\/div>\n\n\n\n<div style=\"height:19px\" aria-hidden=\"true\" class=\"wp-block-spacer\"><\/div>\n\n\n\n<div class=\"wp-block-buttons is-content-justification-center is-layout-flex wp-container-core-buttons-is-layout-16018d1d wp-block-buttons-is-layout-flex\">\n<div class=\"wp-block-button\"><a class=\"wp-block-button__link has-neve-link-color-background-color has-background wp-element-button\" href=\"https:\/\/hkopen.cz\/index.php\/fotogalerie\/\">Mrkn\u011bte se na fotogalerii 2025, najdete zde i album od SportyLensStories!<\/a><\/div>\n<\/div>\n\n\n\n<div style=\"height:30px\" aria-hidden=\"true\" class=\"wp-block-spacer\"><\/div>\n\n\n\n<h3 class=\"wp-block-heading has-text-align-center\"><strong><mark style=\"background-color:rgba(0, 0, 0, 0);color:#777777\" class=\"has-inline-color\">Hradec Kr\u00e1lov\u00e9 Open je jedna z nejstar\u0161\u00edch sout\u011b\u017e\u00ed v \u010cesk\u00e9 republice a ve st\u0159edn\u00ed Evrop\u011b.<\/mark><\/strong><\/h3>\n\n\n\n<div class=\"wp-block-group\"><div class=\"wp-block-group__inner-container is-layout-flow wp-block-group-is-layout-flow\"><\/div><\/div>\n\n\n\n<div class=\"wp-block-columns is-layout-flex wp-container-core-columns-is-layout-9d6595d7 wp-block-columns-is-layout-flex\">\n<div class=\"wp-block-column is-vertically-aligned-top is-layout-flow wp-block-column-is-layout-flow\" style=\"flex-basis:100%\">\n<div class=\"wp-block-columns is-layout-flex wp-container-core-columns-is-layout-9d6595d7 wp-block-columns-is-layout-flex\">\n<div class=\"wp-block-column is-layout-flow wp-block-column-is-layout-flow\">\n<div class=\"wp-block-cover is-light\" style=\"min-height:363px;aspect-ratio:unset;\"><span aria-hidden=\"true\" class=\"wp-block-cover__background has-background-dim-100 has-background-dim\" style=\"background-color:#fff4fd\"><\/span><div class=\"wp-block-cover__inner-container is-layout-flow wp-block-cover-is-layout-flow\">\n<figure class=\"wp-block-embed is-type-video is-provider-youtube wp-block-embed-youtube wp-embed-aspect-16-9 wp-has-aspect-ratio\"><div class=\"wp-block-embed__wrapper\">\n<div class=\"nv-iframe-embed\"><iframe loading=\"lazy\" title=\"hkopen\" width=\"1200\" height=\"675\" src=\"https:\/\/www.youtube.com\/embed\/rxx_YpBIWz0?feature=oembed\" frameborder=\"0\" allow=\"accelerometer; autoplay; clipboard-write; encrypted-media; gyroscope; picture-in-picture; web-share\" referrerpolicy=\"strict-origin-when-cross-origin\" allowfullscreen><\/iframe><\/div>\n<\/div><\/figure>\n<\/div><\/div>\n\n\n\n<div style=\"height:19px\" aria-hidden=\"true\" class=\"wp-block-spacer\"><\/div>\n\n\n\n<div class=\"wp-block-cover is-light\" style=\"min-height:142px;aspect-ratio:unset;\"><span aria-hidden=\"true\" class=\"wp-block-cover__background has-background-dim-100 has-background-dim\" style=\"background-color:#fff4fd\"><\/span><div class=\"wp-block-cover__inner-container is-layout-flow wp-block-cover-is-layout-flow\">\n<p style=\"text-align:center; font-size:24px; font-family:'Lucida Sans Unicode'; font-weight:bold; margin:0;\">\n  <span id=\"dday\" style=\"color:#812379; display:inline-block; text-align:center;\"><\/span>\n<\/p>\n\n<script>\n\/\/ C\u00edlov\u00e9 datum\nvar countDownDate = new Date(\"August 29, 2026 00:00:00\").getTime();\n\n\/\/ Aktualizace ka\u017edou sekundu\nvar x = setInterval(function() {\n  var now = new Date().getTime();\n  var distance = countDownDate - now;\n  var days = Math.floor(distance \/ (1000 * 60 * 60 * 24));\n\n  \/\/ V\u00fdpis\n  document.getElementById(\"dday\").innerHTML = days;\n\n  \/\/ Po uplynut\u00ed \u010dasu\n  if (distance < 0) {\n    clearInterval(x);\n    document.getElementById(\"dday\").innerHTML = \"Sout\u011b\u017e za\u010d\u00edn\u00e1!\";\n  }\n}, 1000);\n<\/script>\n\n\n\n<p class=\"has-text-align-center has-neve-text-color-color has-text-color\">Po\u010det dn\u00ed do za\u010d\u00e1tku sout\u011b\u017ee.<\/p>\n<\/div><\/div>\n\n\n\n<div style=\"height:18px\" aria-hidden=\"true\" class=\"wp-block-spacer\"><\/div>\n\n\n<div class=\"wp-block-image\">\n<figure class=\"aligncenter size-full\"><img loading=\"lazy\" decoding=\"async\" width=\"412\" height=\"824\" src=\"https:\/\/hkopen.cz\/wp-content\/uploads\/2026\/04\/Letak.png\" alt=\"\" class=\"wp-image-5006\" srcset=\"https:\/\/hkopen.cz\/wp-content\/uploads\/2026\/04\/Letak.png 412w, https:\/\/hkopen.cz\/wp-content\/uploads\/2026\/04\/Letak-150x300.png 150w\" sizes=\"auto, (max-width: 412px) 100vw, 412px\" \/><\/figure>\n<\/div><\/div>\n\n\n\n<div class=\"wp-block-column is-layout-flow wp-block-column-is-layout-flow\">\n<div class=\"wp-block-cover is-light\" style=\"min-height:142px;aspect-ratio:unset;\"><span aria-hidden=\"true\" class=\"wp-block-cover__background has-background-dim-100 has-background-dim\" style=\"background-color:#fff4fd\"><\/span><div class=\"wp-block-cover__inner-container is-layout-flow wp-block-cover-is-layout-flow\">\n<h3 class=\"wp-block-heading has-text-align-center\"><strong><mark style=\"background-color:rgba(0, 0, 0, 0);color:#812379\" class=\"has-inline-color\">37<\/mark><\/strong><\/h3>\n\n\n\n<p class=\"has-text-align-center has-neve-text-color-color has-text-color\">V roce 2026 se bude konat 37. ro\u010dn\u00edk t\u00e9to sout\u011b\u017ee.<\/p>\n<\/div><\/div>\n\n\n\n<div style=\"height:15px\" aria-hidden=\"true\" class=\"wp-block-spacer\"><\/div>\n\n\n\n<div class=\"wp-block-cover is-light has-parallax\" style=\"min-height:142px;aspect-ratio:unset;\"><div class=\"wp-block-cover__image-background has-parallax\" style=\"background-position:50% 50%;background-image:url(blob:https:\/\/hkopen.cz\/18b1ddfe-740f-495e-8298-db8bb180662b)\"><\/div><span aria-hidden=\"true\" class=\"wp-block-cover__background has-background-dim\" style=\"background-color:#fff4fd\"><\/span><div class=\"wp-block-cover__inner-container is-layout-flow wp-block-cover-is-layout-flow\">\n<h3 class=\"wp-block-heading has-text-align-center\"><strong><mark style=\"background-color:rgba(0, 0, 0, 0);color:#812379\" class=\"has-inline-color\">Ubytov\u00e1n\u00ed<\/mark><\/strong><\/h3>\n\n\n\n<p class=\"has-text-align-center\"><a href=\"https:\/\/www.hotelaldis.cz\" target=\"_blank\" rel=\"noreferrer noopener\"><img loading=\"lazy\" decoding=\"async\" width=\"400\" height=\"267\" class=\"wp-image-4869\" style=\"width: 400px;\" src=\"https:\/\/hkopen.cz\/wp-content\/uploads\/2025\/10\/aldishk_00086.jpg\" alt=\"\" srcset=\"https:\/\/hkopen.cz\/wp-content\/uploads\/2025\/10\/aldishk_00086.jpg 1300w, https:\/\/hkopen.cz\/wp-content\/uploads\/2025\/10\/aldishk_00086-300x200.jpg 300w, https:\/\/hkopen.cz\/wp-content\/uploads\/2025\/10\/aldishk_00086-1024x683.jpg 1024w, https:\/\/hkopen.cz\/wp-content\/uploads\/2025\/10\/aldishk_00086-768x512.jpg 768w, https:\/\/hkopen.cz\/wp-content\/uploads\/2025\/10\/aldishk_00086-930x620.jpg 930w\" sizes=\"auto, (max-width: 400px) 100vw, 400px\" \/><\/a><\/p>\n\n\n\n<p class=\"has-text-align-center has-neve-text-color-color has-text-color\">Zarezervujte si EA hotel Aldis ji\u017e nyn\u00ed!<br>Heslo pro rezervaci: Open 2026<\/p>\n<\/div><\/div>\n\n\n\n<div style=\"height:18px\" aria-hidden=\"true\" class=\"wp-block-spacer\"><\/div>\n\n\n\n<div class=\"wp-block-cover is-light\" style=\"min-height:142px;aspect-ratio:unset;\"><span aria-hidden=\"true\" class=\"wp-block-cover__background has-background-dim-100 has-background-dim\" style=\"background-color:#fff4fd\"><\/span><div class=\"wp-block-cover__inner-container is-layout-flow wp-block-cover-is-layout-flow\">\n<h3 class=\"wp-block-heading has-text-align-center has-neve-text-color-color has-text-color\"><a href=\"https:\/\/hradecko.info\" target=\"_blank\" rel=\"noreferrer noopener\"><mark style=\"background-color:rgba(0, 0, 0, 0);color:#812379\" class=\"has-inline-color\">Pozv\u00e1n\u00ed do m\u011bsta Hradce Kr\u00e1lov\u00e9<\/mark><\/a><\/h3>\n\n\n\n<figure class=\"wp-block-video\"><video autoplay controls loop preload=\"auto\" src=\"https:\/\/hradecko.info\/images\/BilaVezYT_2.mp4\" playsinline><\/video><\/figure>\n<\/div><\/div>\n<\/div>\n<\/div>\n<\/div>\n<\/div>\n\n\n\n<div style=\"height:16px\" aria-hidden=\"true\" class=\"wp-block-spacer\"><\/div>\n\n\n\n<figure class=\"wp-block-gallery has-nested-images columns-5 wp-block-gallery-1 is-layout-flex wp-block-gallery-is-layout-flex\">\n<figure class=\"wp-block-image size-large\"><img loading=\"lazy\" decoding=\"async\" width=\"1024\" height=\"736\" data-id=\"4110\" src=\"https:\/\/hkopen.cz\/wp-content\/uploads\/2024\/03\/nove-logo-KHK-1-1024x736.png\" alt=\"\" class=\"wp-image-4110\" srcset=\"https:\/\/hkopen.cz\/wp-content\/uploads\/2024\/03\/nove-logo-KHK-1-1024x736.png 1024w, https:\/\/hkopen.cz\/wp-content\/uploads\/2024\/03\/nove-logo-KHK-1-300x216.png 300w, https:\/\/hkopen.cz\/wp-content\/uploads\/2024\/03\/nove-logo-KHK-1-768x552.png 768w, https:\/\/hkopen.cz\/wp-content\/uploads\/2024\/03\/nove-logo-KHK-1-1536x1104.png 1536w, https:\/\/hkopen.cz\/wp-content\/uploads\/2024\/03\/nove-logo-KHK-1-2048x1472.png 2048w\" sizes=\"auto, (max-width: 1024px) 100vw, 1024px\" \/><\/figure>\n\n\n\n<figure class=\"wp-block-image size-large\"><img loading=\"lazy\" decoding=\"async\" width=\"500\" height=\"500\" data-id=\"2309\" src=\"https:\/\/hkopen.cz\/wp-content\/uploads\/2022\/07\/x-Aldis.jpg\" alt=\"\" class=\"wp-image-2309\" srcset=\"https:\/\/hkopen.cz\/wp-content\/uploads\/2022\/07\/x-Aldis.jpg 500w, https:\/\/hkopen.cz\/wp-content\/uploads\/2022\/07\/x-Aldis-300x300.jpg 300w, https:\/\/hkopen.cz\/wp-content\/uploads\/2022\/07\/x-Aldis-150x150.jpg 150w\" sizes=\"auto, (max-width: 500px) 100vw, 500px\" \/><\/figure>\n\n\n\n<figure class=\"wp-block-image size-large\"><img loading=\"lazy\" decoding=\"async\" width=\"500\" height=\"500\" data-id=\"2317\" src=\"https:\/\/hkopen.cz\/wp-content\/uploads\/2022\/07\/x-Regina.jpg\" alt=\"\" class=\"wp-image-2317\" srcset=\"https:\/\/hkopen.cz\/wp-content\/uploads\/2022\/07\/x-Regina.jpg 500w, https:\/\/hkopen.cz\/wp-content\/uploads\/2022\/07\/x-Regina-300x300.jpg 300w, https:\/\/hkopen.cz\/wp-content\/uploads\/2022\/07\/x-Regina-150x150.jpg 150w\" sizes=\"auto, (max-width: 500px) 100vw, 500px\" \/><\/figure>\n\n\n\n<figure class=\"wp-block-image size-large\"><img loading=\"lazy\" decoding=\"async\" width=\"500\" height=\"500\" data-id=\"2313\" src=\"https:\/\/hkopen.cz\/wp-content\/uploads\/2022\/07\/x-HK2.jpg\" alt=\"\" class=\"wp-image-2313\" srcset=\"https:\/\/hkopen.cz\/wp-content\/uploads\/2022\/07\/x-HK2.jpg 500w, https:\/\/hkopen.cz\/wp-content\/uploads\/2022\/07\/x-HK2-300x300.jpg 300w, https:\/\/hkopen.cz\/wp-content\/uploads\/2022\/07\/x-HK2-150x150.jpg 150w\" sizes=\"auto, (max-width: 500px) 100vw, 500px\" \/><\/figure>\n\n\n\n<figure class=\"wp-block-image size-medium\"><img loading=\"lazy\" decoding=\"async\" width=\"300\" height=\"300\" data-id=\"2310\" src=\"https:\/\/hkopen.cz\/wp-content\/uploads\/2022\/07\/x-Dance-shop-300x300.jpg\" alt=\"\" class=\"wp-image-2310\" srcset=\"https:\/\/hkopen.cz\/wp-content\/uploads\/2022\/07\/x-Dance-shop-300x300.jpg 300w, https:\/\/hkopen.cz\/wp-content\/uploads\/2022\/07\/x-Dance-shop-150x150.jpg 150w, https:\/\/hkopen.cz\/wp-content\/uploads\/2022\/07\/x-Dance-shop.jpg 500w\" sizes=\"auto, (max-width: 300px) 100vw, 300px\" \/><\/figure>\n\n\n\n<figure class=\"wp-block-image size-medium\"><img loading=\"lazy\" decoding=\"async\" width=\"300\" height=\"300\" data-id=\"2318\" src=\"https:\/\/hkopen.cz\/wp-content\/uploads\/2022\/07\/x-WDSF-300x300.jpg\" alt=\"\" class=\"wp-image-2318\" srcset=\"https:\/\/hkopen.cz\/wp-content\/uploads\/2022\/07\/x-WDSF-300x300.jpg 300w, https:\/\/hkopen.cz\/wp-content\/uploads\/2022\/07\/x-WDSF-150x150.jpg 150w, https:\/\/hkopen.cz\/wp-content\/uploads\/2022\/07\/x-WDSF.jpg 500w\" sizes=\"auto, (max-width: 300px) 100vw, 300px\" \/><\/figure>\n\n\n\n<figure class=\"wp-block-image size-large\"><img loading=\"lazy\" decoding=\"async\" width=\"1024\" height=\"1024\" data-id=\"4987\" src=\"https:\/\/hkopen.cz\/wp-content\/uploads\/2026\/03\/DSE-logo-main-1-1024x1024.jpg\" alt=\"\" class=\"wp-image-4987\" srcset=\"https:\/\/hkopen.cz\/wp-content\/uploads\/2026\/03\/DSE-logo-main-1-1024x1024.jpg 1024w, https:\/\/hkopen.cz\/wp-content\/uploads\/2026\/03\/DSE-logo-main-1-300x300.jpg 300w, https:\/\/hkopen.cz\/wp-content\/uploads\/2026\/03\/DSE-logo-main-1-150x150.jpg 150w, https:\/\/hkopen.cz\/wp-content\/uploads\/2026\/03\/DSE-logo-main-1-768x768.jpg 768w, https:\/\/hkopen.cz\/wp-content\/uploads\/2026\/03\/DSE-logo-main-1.jpg 1080w\" sizes=\"auto, (max-width: 1024px) 100vw, 1024px\" \/><\/figure>\n\n\n\n<figure class=\"wp-block-image size-medium\"><img loading=\"lazy\" decoding=\"async\" width=\"300\" height=\"300\" data-id=\"3598\" src=\"https:\/\/hkopen.cz\/wp-content\/uploads\/2023\/08\/Prazdroj-300x300.png\" alt=\"\" class=\"wp-image-3598\" srcset=\"https:\/\/hkopen.cz\/wp-content\/uploads\/2023\/08\/Prazdroj-300x300.png 300w, https:\/\/hkopen.cz\/wp-content\/uploads\/2023\/08\/Prazdroj-1024x1024.png 1024w, https:\/\/hkopen.cz\/wp-content\/uploads\/2023\/08\/Prazdroj-150x150.png 150w, https:\/\/hkopen.cz\/wp-content\/uploads\/2023\/08\/Prazdroj-768x768.png 768w, https:\/\/hkopen.cz\/wp-content\/uploads\/2023\/08\/Prazdroj.png 1080w\" sizes=\"auto, (max-width: 300px) 100vw, 300px\" \/><\/figure>\n\n\n\n<figure class=\"wp-block-image size-medium\"><img loading=\"lazy\" decoding=\"async\" width=\"300\" height=\"197\" data-id=\"4205\" src=\"https:\/\/hkopen.cz\/wp-content\/uploads\/2024\/06\/RP-300x197.png\" alt=\"\" class=\"wp-image-4205\" srcset=\"https:\/\/hkopen.cz\/wp-content\/uploads\/2024\/06\/RP-300x197.png 300w, https:\/\/hkopen.cz\/wp-content\/uploads\/2024\/06\/RP.png 315w\" sizes=\"auto, (max-width: 300px) 100vw, 300px\" \/><\/figure>\n\n\n\n<figure class=\"wp-block-image size-full\"><img loading=\"lazy\" decoding=\"async\" width=\"283\" height=\"170\" data-id=\"4291\" src=\"https:\/\/hkopen.cz\/wp-content\/uploads\/2024\/08\/CR-HK.png\" alt=\"\" class=\"wp-image-4291\"\/><\/figure>\n<\/figure>\n\n\n\n<div style=\"height:15px\" aria-hidden=\"true\" class=\"wp-block-spacer\"><\/div>\n\n\n\n<p>V\u011b\u0159\u00edme, \u017ee i v budoucnu bude sout\u011b\u017e Hradec Kr\u00e1lov\u00e9 Open - WDSF INTERNATIONAL OPEN &amp; WDSF Open v r\u016fzn\u00fdch obm\u011bn\u00e1ch, pat\u0159it k t\u011bm vyhled\u00e1van\u00fdm sout\u011b\u017e\u00edm, pro svoji organiza\u010dn\u00ed p\u0159ipravenost, dopravn\u00ed dosa\u017eitelnost a skv\u011bl\u00e9 podm\u00ednky v Hradci Kr\u00e1lov\u00e9.<\/p>\n\n\n\n<p><\/p>\n","protected":false},"excerpt":{"rendered":"<p>Hradec Kr\u00e1lov\u00e9 Open je jedna z nejstar\u0161\u00edch sout\u011b\u017e\u00ed v \u010cesk\u00e9 republice a ve st\u0159edn\u00ed Evrop\u011b. V\u011b\u0159\u00edme, \u017ee i v budoucnu bude sout\u011b\u017e Hradec Kr\u00e1lov\u00e9 Open &#8211; WDSF INTERNATIONAL OPEN &amp; WDSF Open v r\u016fzn\u00fdch obm\u011bn\u00e1ch, pat\u0159it k t\u011bm vyhled\u00e1van\u00fdm sout\u011b\u017e\u00edm, pro svoji organiza\u010dn\u00ed p\u0159ipravenost, dopravn\u00ed dosa\u017eitelnost a skv\u011bl\u00e9 podm\u00ednky v Hradci Kr\u00e1lov\u00e9.<\/p>\n","protected":false},"author":1,"featured_media":2001,"parent":0,"menu_order":1,"comment_status":"closed","ping_status":"closed","template":"","meta":{"neve_meta_sidebar":"full-width","neve_meta_container":"contained","neve_meta_enable_content_width":"on","neve_meta_content_width":100,"neve_meta_title_alignment":"","neve_meta_author_avatar":"","neve_post_elements_order":"","neve_meta_disable_header":"","neve_meta_disable_footer":"","neve_meta_disable_title":"on","footnotes":"[]"},"class_list":["post-2169","page","type-page","status-publish","has-post-thumbnail","hentry"],"_links":{"self":[{"href":"https:\/\/hkopen.cz\/index.php\/wp-json\/wp\/v2\/pages\/2169","targetHints":{"allow":["GET"]}}],"collection":[{"href":"https:\/\/hkopen.cz\/index.php\/wp-json\/wp\/v2\/pages"}],"about":[{"href":"https:\/\/hkopen.cz\/index.php\/wp-json\/wp\/v2\/types\/page"}],"author":[{"embeddable":true,"href":"https:\/\/hkopen.cz\/index.php\/wp-json\/wp\/v2\/users\/1"}],"replies":[{"embeddable":true,"href":"https:\/\/hkopen.cz\/index.php\/wp-json\/wp\/v2\/comments?post=2169"}],"version-history":[{"count":393,"href":"https:\/\/hkopen.cz\/index.php\/wp-json\/wp\/v2\/pages\/2169\/revisions"}],"predecessor-version":[{"id":5010,"href":"https:\/\/hkopen.cz\/index.php\/wp-json\/wp\/v2\/pages\/2169\/revisions\/5010"}],"wp:featuredmedia":[{"embeddable":true,"href":"https:\/\/hkopen.cz\/index.php\/wp-json\/wp\/v2\/media\/2001"}],"wp:attachment":[{"href":"https:\/\/hkopen.cz\/index.php\/wp-json\/wp\/v2\/media?parent=2169"}],"curies":[{"name":"wp","href":"https:\/\/api.w.org\/{rel}","templated":true}]}}