{"id":2327,"date":"2022-07-06T22:40:44","date_gmt":"2022-07-06T22:40:44","guid":{"rendered":"https:\/\/hkopen.cz\/?page_id=2327"},"modified":"2026-03-19T21:52:04","modified_gmt":"2026-03-19T19:52:04","slug":"welcome-2","status":"publish","type":"page","link":"https:\/\/hkopen.cz\/index.php\/en\/welcome-2\/","title":{"rendered":"Registration is open!"},"content":{"rendered":"\n<div style=\"height:17px\" aria-hidden=\"true\" class=\"wp-block-spacer\"><\/div>\n\n\n\n<div class=\"wp-block-cover\" style=\"min-height:295px;aspect-ratio:unset;\"><img loading=\"lazy\" decoding=\"async\" width=\"1024\" height=\"576\" class=\"wp-block-cover__image-background wp-image-4826\" alt=\"\" src=\"https:\/\/hkopen.cz\/wp-content\/uploads\/2025\/09\/HKO2025w03-1024x576.jpg\" data-object-fit=\"cover\" srcset=\"https:\/\/hkopen.cz\/wp-content\/uploads\/2025\/09\/HKO2025w03-1024x576.jpg 1024w, https:\/\/hkopen.cz\/wp-content\/uploads\/2025\/09\/HKO2025w03-300x169.jpg 300w, https:\/\/hkopen.cz\/wp-content\/uploads\/2025\/09\/HKO2025w03-768x432.jpg 768w, https:\/\/hkopen.cz\/wp-content\/uploads\/2025\/09\/HKO2025w03.jpg 1280w\" sizes=\"auto, (max-width: 1024px) 100vw, 1024px\" \/><span aria-hidden=\"true\" class=\"wp-block-cover__background has-background-dim\"><\/span><div class=\"wp-block-cover__inner-container is-layout-flow wp-block-cover-is-layout-flow\">\n<p class=\"has-text-align-center has-large-font-size\"><span><mark style=\"background-color: rgba(0, 0, 0, 0);\" class=\"has-inline-color has-nv-site-bg-color\"><b>The competition is approaching! Join us on August 29\u201330, 2026. Register today! \ud83d\ude0a<\/b><\/mark><\/span><\/p>\n\n\n\n<figure class=\"wp-block-embed alignright is-type-video is-provider-youtube wp-block-embed-youtube wp-embed-aspect-16-9 wp-has-aspect-ratio\"><div class=\"wp-block-embed__wrapper\">\n<div class=\"nv-iframe-embed\"><iframe loading=\"lazy\" title=\"hkopen 2026\" width=\"1200\" height=\"675\" src=\"https:\/\/www.youtube.com\/embed\/uGJRAz-4VRQ?feature=oembed\" frameborder=\"0\" allow=\"accelerometer; autoplay; clipboard-write; encrypted-media; gyroscope; picture-in-picture; web-share\" referrerpolicy=\"strict-origin-when-cross-origin\" allowfullscreen><\/iframe><\/div>\n<\/div><\/figure>\n<\/div><\/div>\n\n\n\n<div style=\"height:14px\" aria-hidden=\"true\" class=\"wp-block-spacer\"><\/div>\n\n\n\n<div class=\"wp-block-buttons is-content-justification-center is-layout-flex wp-container-core-buttons-is-layout-16018d1d wp-block-buttons-is-layout-flex\">\n<div class=\"wp-block-button\"><a class=\"wp-block-button__link has-neve-link-color-background-color has-background wp-element-button\" href=\"https:\/\/hkopen.cz\/index.php\/en\/photo-gallery\/\">Check out the 2025 photo gallery, where you&#8217;ll also find an album from SportyLensStories!<\/a><\/div>\n<\/div>\n\n\n\n<div style=\"height:30px\" aria-hidden=\"true\" class=\"wp-block-spacer\"><\/div>\n\n\n\n<h3 class=\"wp-block-heading has-text-align-center\"><strong><mark style=\"background-color:rgba(0, 0, 0, 0);color:#777777\" class=\"has-inline-color\">The Hradec Kralove Open is one of the oldest competitions in the Czech Republic and Central Europe.<\/mark><\/strong><\/h3>\n\n\n\n<div class=\"wp-block-columns is-layout-flex wp-container-core-columns-is-layout-9d6595d7 wp-block-columns-is-layout-flex\">\n<div class=\"wp-block-column is-layout-flow wp-block-column-is-layout-flow\">\n<div class=\"wp-block-cover is-light\" style=\"min-height:369px;aspect-ratio:unset;\"><span aria-hidden=\"true\" class=\"wp-block-cover__background has-background-dim-100 has-background-dim\" style=\"background-color:#fff4fd\"><\/span><div class=\"wp-block-cover__inner-container is-layout-flow wp-block-cover-is-layout-flow\">\n<p class=\"has-text-align-center has-neve-text-color-color has-text-color\"><\/p>\n\n\n\n<figure class=\"wp-block-embed is-type-video is-provider-youtube wp-block-embed-youtube wp-embed-aspect-16-9 wp-has-aspect-ratio\"><div class=\"wp-block-embed__wrapper\">\n<div class=\"nv-iframe-embed\"><iframe loading=\"lazy\" title=\"hkopen\" width=\"1200\" height=\"675\" src=\"https:\/\/www.youtube.com\/embed\/rxx_YpBIWz0?feature=oembed\" frameborder=\"0\" allow=\"accelerometer; autoplay; clipboard-write; encrypted-media; gyroscope; picture-in-picture; web-share\" referrerpolicy=\"strict-origin-when-cross-origin\" allowfullscreen><\/iframe><\/div>\n<\/div><\/figure>\n<\/div><\/div>\n\n\n\n<div style=\"height:19px\" aria-hidden=\"true\" class=\"wp-block-spacer\"><\/div>\n\n\n\n<div class=\"wp-block-cover is-light\" style=\"min-height:142px;aspect-ratio:unset;\"><span aria-hidden=\"true\" class=\"wp-block-cover__background has-background-dim-100 has-background-dim\" style=\"background-color:#fff4fd\"><\/span><div class=\"wp-block-cover__inner-container is-layout-flow wp-block-cover-is-layout-flow\">\n<p style=\"text-align:center; font-size:24px; font-family:'Lucida Sans Unicode'; font-weight:bold; margin:0;\">\n  <span id=\"dday\" style=\"color:#812379; display:inline-block; text-align:center;\"><\/span>\n<\/p>\n\n<script>\n\/\/ C\u00edlov\u00e9 datum\nvar countDownDate = new Date(\"August 29, 2026 00:00:00\").getTime();\n\n\/\/ Aktualizace ka\u017edou sekundu\nvar x = setInterval(function() {\n  var now = new Date().getTime();\n  var distance = countDownDate - now;\n  var days = Math.floor(distance \/ (1000 * 60 * 60 * 24));\n\n  \/\/ V\u00fdpis\n  document.getElementById(\"dday\").innerHTML = days;\n\n  \/\/ Po uplynut\u00ed \u010dasu\n  if (distance < 0) {\n    clearInterval(x);\n    document.getElementById(\"dday\").innerHTML = \"Sout\u011b\u017e za\u010d\u00edn\u00e1!\";\n  }\n}, 1000);\n<\/script>\n\n\n\n<p class=\"has-text-align-center has-neve-text-color-color has-text-color\">Days until the competition = days left to train!<\/p>\n<\/div><\/div>\n<\/div>\n\n\n\n<div class=\"wp-block-column is-layout-flow wp-block-column-is-layout-flow\">\n<div class=\"wp-block-cover is-light\" style=\"min-height:150px;aspect-ratio:unset;\"><span aria-hidden=\"true\" class=\"wp-block-cover__background has-background-dim-100 has-background-dim\" style=\"background-color:#fff4fd\"><\/span><div class=\"wp-block-cover__inner-container is-layout-flow wp-block-cover-is-layout-flow\">\n<h3 class=\"wp-block-heading has-text-align-center\"><mark style=\"background-color:rgba(0, 0, 0, 0);color:#812379\" class=\"has-inline-color\">37<\/mark><\/h3>\n\n\n\n<p class=\"has-text-align-center has-nv-dark-bg-color has-text-color\">In 2026, the 37th edition of this competition will take place.<\/p>\n<\/div><\/div>\n\n\n\n<div style=\"height:15px\" aria-hidden=\"true\" class=\"wp-block-spacer\"><\/div>\n\n\n\n<div class=\"wp-block-cover is-light has-parallax\" style=\"min-height:142px;aspect-ratio:unset;\"><div class=\"wp-block-cover__image-background has-parallax\" style=\"background-position:50% 50%;background-image:url(blob:https:\/\/hkopen.cz\/18b1ddfe-740f-495e-8298-db8bb180662b)\"><\/div><span aria-hidden=\"true\" class=\"wp-block-cover__background has-background-dim\" style=\"background-color:#fff4fd\"><\/span><div class=\"wp-block-cover__inner-container is-layout-flow wp-block-cover-is-layout-flow\">\n<h3 class=\"wp-block-heading has-text-align-center\"><strong><mark style=\"background-color:rgba(0, 0, 0, 0);color:#812379\" class=\"has-inline-color\">Accommodation<\/mark><\/strong><\/h3>\n\n\n\n<p class=\"has-text-align-center\"><a href=\"https:\/\/www.hotelaldis.cz\/en\" target=\"_blank\" rel=\"noreferrer noopener\"><img loading=\"lazy\" decoding=\"async\" width=\"400\" height=\"267\" class=\"wp-image-4869\" style=\"width: 400px;\" src=\"https:\/\/hkopen.cz\/wp-content\/uploads\/2025\/10\/aldishk_00086.jpg\" alt=\"\" srcset=\"https:\/\/hkopen.cz\/wp-content\/uploads\/2025\/10\/aldishk_00086.jpg 1300w, https:\/\/hkopen.cz\/wp-content\/uploads\/2025\/10\/aldishk_00086-300x200.jpg 300w, https:\/\/hkopen.cz\/wp-content\/uploads\/2025\/10\/aldishk_00086-1024x683.jpg 1024w, https:\/\/hkopen.cz\/wp-content\/uploads\/2025\/10\/aldishk_00086-768x512.jpg 768w, https:\/\/hkopen.cz\/wp-content\/uploads\/2025\/10\/aldishk_00086-930x620.jpg 930w\" sizes=\"auto, (max-width: 400px) 100vw, 400px\" \/><\/a><\/p>\n\n\n\n<p class=\"has-text-align-center has-neve-text-color-color has-text-color\">Book your stay at EA Hotel Aldis now!<br>Reservation password: Open 2026<\/p>\n<\/div><\/div>\n\n\n\n<div style=\"height:18px\" aria-hidden=\"true\" class=\"wp-block-spacer\"><\/div>\n\n\n\n<div class=\"wp-block-cover is-light\" style=\"min-height:150px;aspect-ratio:unset;\"><span aria-hidden=\"true\" class=\"wp-block-cover__background has-background-dim-100 has-background-dim\" style=\"background-color:#fff4fd\"><\/span><div class=\"wp-block-cover__inner-container is-layout-flow wp-block-cover-is-layout-flow\">\n<h3 class=\"wp-block-heading has-text-align-center has-nv-dark-bg-color has-text-color\"><a href=\"https:\/\/hradecko.info\/en\" target=\"_blank\" rel=\"noreferrer noopener\"><mark style=\"background-color:rgba(0, 0, 0, 0);color:#812379\" class=\"has-inline-color\">Invitation to the city of Hradec Kralove<\/mark><\/a><\/h3>\n\n\n\n<figure class=\"wp-block-video\"><video autoplay controls loop src=\"https:\/\/hradecko.info\/images\/BilaVezYT_2.mp4\"><\/video><\/figure>\n<\/div><\/div>\n<\/div>\n<\/div>\n\n\n\n<div style=\"height:16px\" aria-hidden=\"true\" class=\"wp-block-spacer\"><\/div>\n\n\n\n<figure class=\"wp-block-gallery has-nested-images columns-5 wp-block-gallery-1 is-layout-flex wp-block-gallery-is-layout-flex\">\n<figure class=\"wp-block-image size-large\"><img loading=\"lazy\" decoding=\"async\" width=\"1024\" height=\"736\" data-id=\"4113\" src=\"https:\/\/hkopen.cz\/wp-content\/uploads\/2024\/03\/nove-logo-KHK-2-1024x736.png\" alt=\"\" class=\"wp-image-4113\" srcset=\"https:\/\/hkopen.cz\/wp-content\/uploads\/2024\/03\/nove-logo-KHK-2-1024x736.png 1024w, https:\/\/hkopen.cz\/wp-content\/uploads\/2024\/03\/nove-logo-KHK-2-300x216.png 300w, https:\/\/hkopen.cz\/wp-content\/uploads\/2024\/03\/nove-logo-KHK-2-768x552.png 768w, https:\/\/hkopen.cz\/wp-content\/uploads\/2024\/03\/nove-logo-KHK-2-1536x1104.png 1536w, https:\/\/hkopen.cz\/wp-content\/uploads\/2024\/03\/nove-logo-KHK-2-2048x1472.png 2048w\" sizes=\"auto, (max-width: 1024px) 100vw, 1024px\" \/><\/figure>\n\n\n\n<figure class=\"wp-block-image size-large\"><img loading=\"lazy\" decoding=\"async\" width=\"500\" height=\"500\" data-id=\"2309\" src=\"https:\/\/hkopen.cz\/wp-content\/uploads\/2022\/07\/x-Aldis.jpg\" alt=\"\" class=\"wp-image-2309\" srcset=\"https:\/\/hkopen.cz\/wp-content\/uploads\/2022\/07\/x-Aldis.jpg 500w, https:\/\/hkopen.cz\/wp-content\/uploads\/2022\/07\/x-Aldis-300x300.jpg 300w, https:\/\/hkopen.cz\/wp-content\/uploads\/2022\/07\/x-Aldis-150x150.jpg 150w\" sizes=\"auto, (max-width: 500px) 100vw, 500px\" \/><\/figure>\n\n\n\n<figure class=\"wp-block-image size-large\"><img loading=\"lazy\" decoding=\"async\" width=\"500\" height=\"500\" data-id=\"2317\" src=\"https:\/\/hkopen.cz\/wp-content\/uploads\/2022\/07\/x-Regina.jpg\" alt=\"\" class=\"wp-image-2317\" srcset=\"https:\/\/hkopen.cz\/wp-content\/uploads\/2022\/07\/x-Regina.jpg 500w, https:\/\/hkopen.cz\/wp-content\/uploads\/2022\/07\/x-Regina-300x300.jpg 300w, https:\/\/hkopen.cz\/wp-content\/uploads\/2022\/07\/x-Regina-150x150.jpg 150w\" sizes=\"auto, (max-width: 500px) 100vw, 500px\" \/><\/figure>\n\n\n\n<figure class=\"wp-block-image size-large\"><img loading=\"lazy\" decoding=\"async\" width=\"500\" height=\"500\" data-id=\"2313\" src=\"https:\/\/hkopen.cz\/wp-content\/uploads\/2022\/07\/x-HK2.jpg\" alt=\"\" class=\"wp-image-2313\" srcset=\"https:\/\/hkopen.cz\/wp-content\/uploads\/2022\/07\/x-HK2.jpg 500w, https:\/\/hkopen.cz\/wp-content\/uploads\/2022\/07\/x-HK2-300x300.jpg 300w, https:\/\/hkopen.cz\/wp-content\/uploads\/2022\/07\/x-HK2-150x150.jpg 150w\" sizes=\"auto, (max-width: 500px) 100vw, 500px\" \/><\/figure>\n\n\n\n<figure class=\"wp-block-image size-large\"><img loading=\"lazy\" decoding=\"async\" width=\"500\" height=\"500\" data-id=\"2310\" src=\"https:\/\/hkopen.cz\/wp-content\/uploads\/2022\/07\/x-Dance-shop.jpg\" alt=\"\" class=\"wp-image-2310\" srcset=\"https:\/\/hkopen.cz\/wp-content\/uploads\/2022\/07\/x-Dance-shop.jpg 500w, https:\/\/hkopen.cz\/wp-content\/uploads\/2022\/07\/x-Dance-shop-300x300.jpg 300w, https:\/\/hkopen.cz\/wp-content\/uploads\/2022\/07\/x-Dance-shop-150x150.jpg 150w\" sizes=\"auto, (max-width: 500px) 100vw, 500px\" \/><\/figure>\n\n\n\n<figure class=\"wp-block-image size-medium\"><img loading=\"lazy\" decoding=\"async\" width=\"300\" height=\"300\" data-id=\"2318\" src=\"https:\/\/hkopen.cz\/wp-content\/uploads\/2022\/07\/x-WDSF-300x300.jpg\" alt=\"\" class=\"wp-image-2318\" srcset=\"https:\/\/hkopen.cz\/wp-content\/uploads\/2022\/07\/x-WDSF-300x300.jpg 300w, https:\/\/hkopen.cz\/wp-content\/uploads\/2022\/07\/x-WDSF-150x150.jpg 150w, https:\/\/hkopen.cz\/wp-content\/uploads\/2022\/07\/x-WDSF.jpg 500w\" sizes=\"auto, (max-width: 300px) 100vw, 300px\" \/><\/figure>\n\n\n\n<figure class=\"wp-block-image size-large\"><img loading=\"lazy\" decoding=\"async\" width=\"1024\" height=\"1024\" data-id=\"4987\" src=\"https:\/\/hkopen.cz\/wp-content\/uploads\/2026\/03\/DSE-logo-main-1-1024x1024.jpg\" alt=\"\" class=\"wp-image-4987\" srcset=\"https:\/\/hkopen.cz\/wp-content\/uploads\/2026\/03\/DSE-logo-main-1-1024x1024.jpg 1024w, https:\/\/hkopen.cz\/wp-content\/uploads\/2026\/03\/DSE-logo-main-1-300x300.jpg 300w, https:\/\/hkopen.cz\/wp-content\/uploads\/2026\/03\/DSE-logo-main-1-150x150.jpg 150w, https:\/\/hkopen.cz\/wp-content\/uploads\/2026\/03\/DSE-logo-main-1-768x768.jpg 768w, https:\/\/hkopen.cz\/wp-content\/uploads\/2026\/03\/DSE-logo-main-1.jpg 1080w\" sizes=\"auto, (max-width: 1024px) 100vw, 1024px\" \/><\/figure>\n\n\n\n<figure class=\"wp-block-image size-medium\"><img loading=\"lazy\" decoding=\"async\" width=\"300\" height=\"300\" data-id=\"3601\" src=\"https:\/\/hkopen.cz\/wp-content\/uploads\/2023\/08\/Prazdroj-1-300x300.png\" alt=\"\" class=\"wp-image-3601\" srcset=\"https:\/\/hkopen.cz\/wp-content\/uploads\/2023\/08\/Prazdroj-1-300x300.png 300w, https:\/\/hkopen.cz\/wp-content\/uploads\/2023\/08\/Prazdroj-1-1024x1024.png 1024w, https:\/\/hkopen.cz\/wp-content\/uploads\/2023\/08\/Prazdroj-1-150x150.png 150w, https:\/\/hkopen.cz\/wp-content\/uploads\/2023\/08\/Prazdroj-1-768x768.png 768w, https:\/\/hkopen.cz\/wp-content\/uploads\/2023\/08\/Prazdroj-1.png 1080w\" sizes=\"auto, (max-width: 300px) 100vw, 300px\" \/><\/figure>\n\n\n\n<figure class=\"wp-block-image size-medium\"><img loading=\"lazy\" decoding=\"async\" width=\"300\" height=\"197\" data-id=\"4205\" src=\"https:\/\/hkopen.cz\/wp-content\/uploads\/2024\/06\/RP-300x197.png\" alt=\"\" class=\"wp-image-4205\" srcset=\"https:\/\/hkopen.cz\/wp-content\/uploads\/2024\/06\/RP-300x197.png 300w, https:\/\/hkopen.cz\/wp-content\/uploads\/2024\/06\/RP.png 315w\" sizes=\"auto, (max-width: 300px) 100vw, 300px\" \/><\/figure>\n\n\n\n<figure class=\"wp-block-image size-large\"><img loading=\"lazy\" decoding=\"async\" width=\"283\" height=\"170\" data-id=\"4291\" src=\"https:\/\/hkopen.cz\/wp-content\/uploads\/2024\/08\/CR-HK.png\" alt=\"\" class=\"wp-image-4291\"\/><\/figure>\n<\/figure>\n\n\n\n<div style=\"height:15px\" aria-hidden=\"true\" class=\"wp-block-spacer\"><\/div>\n\n\n\n<p>We believe that in the future the Hradec Kr\u00e1lov\u00e9 Open - WDSF INTERNATIONAL OPEN &amp; WDSF Open in various variations will be one of the most popular competitions because of its organizational readiness, transport accessibility and great conditions in Hradec Kr\u00e1lov\u00e9.<\/p>\n\n\n\n<p><\/p>\n","protected":false},"excerpt":{"rendered":"<p>The Hradec Kralove Open is one of the oldest competitions in the Czech Republic and Central Europe. We believe that in the future the Hradec Kr\u00e1lov\u00e9 Open &#8211; WDSF INTERNATIONAL OPEN &amp; WDSF Open in various variations will be one of the most popular competitions because of its organizational readiness, transport accessibility and great conditions&hellip;&nbsp;<a href=\"https:\/\/hkopen.cz\/index.php\/en\/welcome-2\/\" rel=\"bookmark\">\u010c\u00edst d\u00e1le &raquo;<span class=\"screen-reader-text\">Registration is open!<\/span><\/a><\/p>\n","protected":false},"author":1,"featured_media":2001,"parent":0,"menu_order":2,"comment_status":"closed","ping_status":"closed","template":"","meta":{"neve_meta_sidebar":"full-width","neve_meta_container":"contained","neve_meta_enable_content_width":"on","neve_meta_content_width":100,"neve_meta_title_alignment":"","neve_meta_author_avatar":"","neve_post_elements_order":"","neve_meta_disable_header":"","neve_meta_disable_footer":"","neve_meta_disable_title":"on","footnotes":""},"class_list":["post-2327","page","type-page","status-publish","has-post-thumbnail","hentry"],"_links":{"self":[{"href":"https:\/\/hkopen.cz\/index.php\/wp-json\/wp\/v2\/pages\/2327","targetHints":{"allow":["GET"]}}],"collection":[{"href":"https:\/\/hkopen.cz\/index.php\/wp-json\/wp\/v2\/pages"}],"about":[{"href":"https:\/\/hkopen.cz\/index.php\/wp-json\/wp\/v2\/types\/page"}],"author":[{"embeddable":true,"href":"https:\/\/hkopen.cz\/index.php\/wp-json\/wp\/v2\/users\/1"}],"replies":[{"embeddable":true,"href":"https:\/\/hkopen.cz\/index.php\/wp-json\/wp\/v2\/comments?post=2327"}],"version-history":[{"count":192,"href":"https:\/\/hkopen.cz\/index.php\/wp-json\/wp\/v2\/pages\/2327\/revisions"}],"predecessor-version":[{"id":4989,"href":"https:\/\/hkopen.cz\/index.php\/wp-json\/wp\/v2\/pages\/2327\/revisions\/4989"}],"wp:featuredmedia":[{"embeddable":true,"href":"https:\/\/hkopen.cz\/index.php\/wp-json\/wp\/v2\/media\/2001"}],"wp:attachment":[{"href":"https:\/\/hkopen.cz\/index.php\/wp-json\/wp\/v2\/media?parent=2327"}],"curies":[{"name":"wp","href":"https:\/\/api.w.org\/{rel}","templated":true}]}}