{"id":3422,"date":"2023-04-23T20:56:17","date_gmt":"2023-04-23T18:56:17","guid":{"rendered":"https:\/\/hkopen.cz\/?page_id=3422"},"modified":"2026-03-25T00:28:19","modified_gmt":"2026-03-24T22:28:19","slug":"registrace","status":"publish","type":"page","link":"https:\/\/hkopen.cz\/index.php\/registrace\/","title":{"rendered":"Registrace"},"content":{"rendered":"\n<p>Pro leto\u0161n\u00ed ro\u010dn\u00edk sout\u011b\u017ee op\u011bt vyu\u017e\u00edv\u00e1me registra\u010dn\u00edho syst\u00e9mu WDSF. Slibujeme si od toho jednoduchou registraci ve zn\u00e1m\u00e9m prost\u0159ed\u00ed a s maxim\u00e1ln\u00edm vyu\u017eit\u00edm Va\u0161ich \u00fadaj\u016f, kter\u00e9 jste ji\u017e WDSF poskytli v minulosti. Pokra\u010dujte stisknut\u00edm tla\u010d\u00edtka n\u00ed\u017ee.<\/p>\n\n\n\n<div class=\"wp-block-buttons is-content-justification-center is-layout-flex wp-container-core-buttons-is-layout-16018d1d wp-block-buttons-is-layout-flex\">\n<div class=\"wp-block-button\"><a class=\"wp-block-button__link has-nv-site-bg-color has-neve-link-color-background-color has-text-color has-background wp-element-button\" href=\"https:\/\/my.wdsf.org\/Competitions\/Register\/RegisterCouple\/8782\" target=\"_blank\" rel=\"noreferrer noopener\">WDSF Registrace<\/a><\/div>\n\n\n\n<div class=\"wp-block-button\"><a class=\"wp-block-button__link has-nv-site-bg-color has-text-color has-background wp-element-button\" style=\"background-color:#d3d3d3\">DSE GP Registrace (p\u0159ipravujeme)<\/a><\/div>\n<\/div>\n\n\n\n<div style=\"height:23px\" aria-hidden=\"true\" class=\"wp-block-spacer\"><\/div>\n\n\n\n<hr class=\"wp-block-separator has-alpha-channel-opacity\"\/>\n\n\n\n<p><strong>WDSF sout\u011b\u017ee<\/strong><\/p>\n\n\n\n<p>I p\u0159es mnoho v\u00fdhod m\u00e1 tento syst\u00e9m i n\u011bkolik z\u00e1ludnost\u00ed, kter\u00e9 generuj\u00ed nezanedbateln\u00fd po\u010det nedorozumn\u011bn\u00ed a dotaz\u016f. Jak to funguje?<\/p>\n\n\n\n<ol class=\"wp-block-list\">\n<li>Vypln\u00edte sv\u00e1 \u010d\u00edsla MIN &#8211; zde pozor na to, \u017ee pro registraci je nutn\u00e9 m\u00edt platnou WDSF licenci v dob\u011b kon\u00e1n\u00ed sout\u011b\u017ee.<\/li>\n\n\n\n<li>Vyberete po\u017eadovan\u00e9 sout\u011b\u017ee &#8211; automaticky se bude po\u010d\u00edtat celkov\u00e1 cena startovn\u00e9ho v EUR (pokud budete platit v CZK, spo\u010d\u00edtejte si v\u00fd\u0161i startovn\u00e9ho dle propozic).<\/li>\n\n\n\n<li>Vyberete zp\u016fsob platby &#8211; ta je mo\u017en\u00e1 pouze bankovn\u00edm p\u0159evodem.<\/li>\n\n\n\n<li>Po odesl\u00e1n\u00ed V\u00e1m bude zobrazena str\u00e1nka s platebn\u00edmi \u00fadaji a <strong>jedine\u010dn\u00fdm &#8222;Reference&#8220; \u010d\u00edslem<\/strong> a bude V\u00e1m automaticky zasl\u00e1n potvrzuj\u00edc\u00ed email.<\/li>\n\n\n\n<li>Zaplat\u00edte startovn\u00e9 (pro \u010desk\u00e9 transakce m\u016f\u017eete pou\u017e\u00edt \u010d\u00edslo \u00fa\u010dtu: 2502187994\/2010) &#8211; <strong>do platebn\u00edho p\u0159\u00edkazu uve\u010fte do zpr\u00e1vy pro p\u0159\u00edjemce &#8222;Reference&#8220; \u010d\u00edslo z p\u0159edchoz\u00edho bodu pro jednozna\u010dnou identifikaci (nebo jin\u00fd \u00fadaj, podle kter\u00e9ho p\u00e1r pozn\u00e1me).<\/strong><\/li>\n\n\n\n<li>Jakmile Va\u0161e platba doraz\u00ed na n\u00e1\u0161 \u00fa\u010det, mus\u00edme ru\u010dn\u011b toto potvrdit ve WDSF syst\u00e9mu. Tato operace m\u016f\u017ee trvat i n\u011bkolik dn\u00ed a bude potvrzena emailem, kter\u00fd V\u00e1m za\u0161leme.<\/li>\n\n\n\n<li>Po p\u0159\u00edjezdu na sout\u011b\u017e pouze ov\u011b\u0159\u00edme Va\u0161e \u00fadaje.<br>&#8211; Platbu m\u016f\u017eete prov\u00e9st i na m\u00edst\u011b v hotovosti, nicm\u00e9n\u011b budete musete zaplatit p\u0159ir\u00e1\u017eku 10 EUR \/ 250 CZK za ka\u017edou sout\u011b\u017e.<\/li>\n<\/ol>\n\n\n\n<hr class=\"wp-block-separator has-alpha-channel-opacity\"\/>\n\n\n\n<p>V p\u0159\u00edpad\u011b jak\u00e9koliv pot\u00ed\u017ee nebo dotazu n\u00e1s nev\u00e1hejte kontaktovat na hkopen2026@gmail.com. D\u011bkujeme.<\/p>\n","protected":false},"excerpt":{"rendered":"<p>Pro leto\u0161n\u00ed ro\u010dn\u00edk sout\u011b\u017ee op\u011bt vyu\u017e\u00edv\u00e1me registra\u010dn\u00edho syst\u00e9mu WDSF. Slibujeme si od toho jednoduchou registraci ve zn\u00e1m\u00e9m prost\u0159ed\u00ed a s maxim\u00e1ln\u00edm vyu\u017eit\u00edm Va\u0161ich \u00fadaj\u016f, kter\u00e9 jste ji\u017e WDSF poskytli v minulosti. Pokra\u010dujte stisknut\u00edm tla\u010d\u00edtka n\u00ed\u017ee. WDSF sout\u011b\u017ee I p\u0159es mnoho v\u00fdhod m\u00e1 tento syst\u00e9m i n\u011bkolik z\u00e1ludnost\u00ed, kter\u00e9 generuj\u00ed nezanedbateln\u00fd po\u010det nedorozumn\u011bn\u00ed a dotaz\u016f. Jak&hellip;&nbsp;<a href=\"https:\/\/hkopen.cz\/index.php\/registrace\/\" rel=\"bookmark\">\u010c\u00edst d\u00e1le &raquo;<span class=\"screen-reader-text\">Registrace<\/span><\/a><\/p>\n","protected":false},"author":1,"featured_media":0,"parent":0,"menu_order":7,"comment_status":"closed","ping_status":"closed","template":"","meta":{"neve_meta_sidebar":"","neve_meta_container":"","neve_meta_enable_content_width":"","neve_meta_content_width":0,"neve_meta_title_alignment":"","neve_meta_author_avatar":"","neve_post_elements_order":"","neve_meta_disable_header":"","neve_meta_disable_footer":"","neve_meta_disable_title":"","footnotes":""},"class_list":["post-3422","page","type-page","status-publish","hentry"],"_links":{"self":[{"href":"https:\/\/hkopen.cz\/index.php\/wp-json\/wp\/v2\/pages\/3422","targetHints":{"allow":["GET"]}}],"collection":[{"href":"https:\/\/hkopen.cz\/index.php\/wp-json\/wp\/v2\/pages"}],"about":[{"href":"https:\/\/hkopen.cz\/index.php\/wp-json\/wp\/v2\/types\/page"}],"author":[{"embeddable":true,"href":"https:\/\/hkopen.cz\/index.php\/wp-json\/wp\/v2\/users\/1"}],"replies":[{"embeddable":true,"href":"https:\/\/hkopen.cz\/index.php\/wp-json\/wp\/v2\/comments?post=3422"}],"version-history":[{"count":25,"href":"https:\/\/hkopen.cz\/index.php\/wp-json\/wp\/v2\/pages\/3422\/revisions"}],"predecessor-version":[{"id":4994,"href":"https:\/\/hkopen.cz\/index.php\/wp-json\/wp\/v2\/pages\/3422\/revisions\/4994"}],"wp:attachment":[{"href":"https:\/\/hkopen.cz\/index.php\/wp-json\/wp\/v2\/media?parent=3422"}],"curies":[{"name":"wp","href":"https:\/\/api.w.org\/{rel}","templated":true}]}}