{"id":8,"date":"2021-08-02T13:20:27","date_gmt":"2021-08-02T13:20:27","guid":{"rendered":"https:\/\/hkopen.cz\/?page_id=8"},"modified":"2025-02-16T01:40:51","modified_gmt":"2025-02-15T23:40:51","slug":"kontakt","status":"publish","type":"page","link":"https:\/\/hkopen.cz\/index.php\/kontakt\/","title":{"rendered":"Kontakt"},"content":{"rendered":"\n<h5 class=\"wp-block-heading\"><a href=\"https:\/\/hkopen.cz\/index.php\/mapa\/\">M\u00edsto kon\u00e1n\u00ed sout\u011b\u017ee<\/a><\/h5>\n\n\n\n<p>Organizace sout\u011b\u017ee:<\/p>\n\n\n\n<h4 class=\"wp-block-heading\">Jaroslav Krti\u010dka &#8211; hlavn\u00ed organiz\u00e1tor<\/h4>\n\n\n\n<p>Telefon: +420 776 115 664<br>E-mail: krtickajaroslav@seznam.cz<\/p>\n\n\n\n<h4 class=\"wp-block-heading\">Michaela Pace &#8211; organizace sout\u011b\u017e\u00ed a dopravy<\/h4>\n\n\n\n<p>Telefon\/whatsapp: +420 776 690 929<br>Email: hkopen2025@gmail.com<\/p>\n\n\n\n<h4 class=\"wp-block-heading\">Michal Nov\u00e1k &#8211; web, p\u0159ihla\u0161ov\u00e1n\u00ed p\u00e1r\u016f<\/h4>\n\n\n\n<p>E-mail: hkopen2025@gmail.com<\/p>\n\n\n\n<p><strong><mark style=\"background-color:rgba(0, 0, 0, 0)\" class=\"has-inline-color has-neve-link-color-color\">Napi\u0161te n\u00e1m:<\/mark><\/strong><\/p>\n\n\n\n<div class=\"wp-block-contact-form-7-contact-form-selector\">\n<div class=\"wpcf7 no-js\" id=\"wpcf7-f400-o1\" lang=\"cs-CZ\" dir=\"ltr\" data-wpcf7-id=\"400\">\n<div class=\"screen-reader-response\"><p role=\"status\" aria-live=\"polite\" aria-atomic=\"true\"><\/p> <ul><\/ul><\/div>\n<form action=\"\/index.php\/wp-json\/wp\/v2\/pages\/8#wpcf7-f400-o1\" method=\"post\" class=\"wpcf7-form init\" aria-label=\"Kontaktn\u00ed formul\u00e1\u0159\" novalidate=\"novalidate\" data-status=\"init\">\n<fieldset class=\"hidden-fields-container\"><input type=\"hidden\" name=\"_wpcf7\" value=\"400\" \/><input type=\"hidden\" name=\"_wpcf7_version\" value=\"6.1.5\" \/><input type=\"hidden\" name=\"_wpcf7_locale\" value=\"cs_CZ\" \/><input type=\"hidden\" name=\"_wpcf7_unit_tag\" value=\"wpcf7-f400-o1\" \/><input type=\"hidden\" name=\"_wpcf7_container_post\" value=\"0\" \/><input type=\"hidden\" name=\"_wpcf7_posted_data_hash\" value=\"\" \/><input type=\"hidden\" name=\"_wpcf7_recaptcha_response\" value=\"\" \/>\n<\/fieldset>\n<p> Va\u0161e jm\u00e9no<br \/>\n<span class=\"wpcf7-form-control-wrap\" data-name=\"your-name\"><input size=\"40\" maxlength=\"400\" class=\"wpcf7-form-control wpcf7-text wpcf7-validates-as-required\" aria-required=\"true\" aria-invalid=\"false\" value=\"\" type=\"text\" name=\"your-name\" \/><\/span><br \/>\nV\u00e1\u0161 e-mail<br \/>\n<span class=\"wpcf7-form-control-wrap\" data-name=\"your-email\"><input size=\"40\" maxlength=\"400\" class=\"wpcf7-form-control wpcf7-email wpcf7-validates-as-required wpcf7-text wpcf7-validates-as-email\" aria-required=\"true\" aria-invalid=\"false\" value=\"\" type=\"email\" name=\"your-email\" \/><\/span><br \/>\nP\u0159edm\u011bt<br \/>\n<span class=\"wpcf7-form-control-wrap\" data-name=\"your-subject\"><input size=\"40\" maxlength=\"400\" class=\"wpcf7-form-control wpcf7-text wpcf7-validates-as-required\" aria-required=\"true\" aria-invalid=\"false\" value=\"\" type=\"text\" name=\"your-subject\" \/><\/span><br \/>\nVa\u0161e zpr\u00e1va<br \/>\n<span class=\"wpcf7-form-control-wrap\" data-name=\"your-message\"><textarea cols=\"40\" rows=\"10\" maxlength=\"2000\" class=\"wpcf7-form-control wpcf7-textarea\" aria-invalid=\"false\" name=\"your-message\"><\/textarea><\/span>\n<\/p>\n<p><input class=\"wpcf7-form-control wpcf7-submit has-spinner\" type=\"submit\" value=\"Odeslat\" \/>\n<\/p><div class=\"wpcf7-response-output\" aria-hidden=\"true\"><\/div>\n<\/form>\n<\/div>\n<\/div>\n","protected":false},"excerpt":{"rendered":"<p>M\u00edsto kon\u00e1n\u00ed sout\u011b\u017ee Organizace sout\u011b\u017ee: Jaroslav Krti\u010dka &#8211; hlavn\u00ed organiz\u00e1tor Telefon: +420 776 115 664E-mail: krtickajaroslav@seznam.cz Michaela Pace &#8211; organizace sout\u011b\u017e\u00ed a dopravy Telefon\/whatsapp: +420 776 690 929Email: hkopen2025@gmail.com Michal Nov\u00e1k &#8211; web, p\u0159ihla\u0161ov\u00e1n\u00ed p\u00e1r\u016f E-mail: hkopen2025@gmail.com Napi\u0161te n\u00e1m:<\/p>\n","protected":false},"author":1,"featured_media":0,"parent":0,"menu_order":13,"comment_status":"closed","ping_status":"closed","template":"","meta":{"neve_meta_sidebar":"","neve_meta_container":"","neve_meta_enable_content_width":"","neve_meta_content_width":0,"neve_meta_title_alignment":"","neve_meta_author_avatar":"","neve_post_elements_order":"","neve_meta_disable_header":"","neve_meta_disable_footer":"","neve_meta_disable_title":"","footnotes":""},"class_list":["post-8","page","type-page","status-publish","hentry"],"_links":{"self":[{"href":"https:\/\/hkopen.cz\/index.php\/wp-json\/wp\/v2\/pages\/8","targetHints":{"allow":["GET"]}}],"collection":[{"href":"https:\/\/hkopen.cz\/index.php\/wp-json\/wp\/v2\/pages"}],"about":[{"href":"https:\/\/hkopen.cz\/index.php\/wp-json\/wp\/v2\/types\/page"}],"author":[{"embeddable":true,"href":"https:\/\/hkopen.cz\/index.php\/wp-json\/wp\/v2\/users\/1"}],"replies":[{"embeddable":true,"href":"https:\/\/hkopen.cz\/index.php\/wp-json\/wp\/v2\/comments?post=8"}],"version-history":[{"count":19,"href":"https:\/\/hkopen.cz\/index.php\/wp-json\/wp\/v2\/pages\/8\/revisions"}],"predecessor-version":[{"id":4516,"href":"https:\/\/hkopen.cz\/index.php\/wp-json\/wp\/v2\/pages\/8\/revisions\/4516"}],"wp:attachment":[{"href":"https:\/\/hkopen.cz\/index.php\/wp-json\/wp\/v2\/media?parent=8"}],"curies":[{"name":"wp","href":"https:\/\/api.w.org\/{rel}","templated":true}]}}